{"id":515,"date":"2016-01-12T15:28:21","date_gmt":"2016-01-12T14:28:21","guid":{"rendered":"https:\/\/radlerslust.de\/cz\/?page_id=515"},"modified":"2026-03-31T12:32:00","modified_gmt":"2026-03-31T10:32:00","slug":"home-2","status":"publish","type":"page","link":"https:\/\/radlerslust.de\/cz\/","title":{"rendered":"Home"},"content":{"rendered":"<div class=\"wpb-content-wrapper\"><div class=\"vc_row wpb_row vc_row-fluid\"><div class=\"wpb_column vc_column_container vc_col-sm-12\"><div class=\"vc_column-inner\"><div class=\"wpb_wrapper\"><div class=\"wpb_gallery wpb_content_element vc_clearfix wpb_content_element\" ><div class=\"wpb_wrapper\"><div class=\"wpb_gallery_slides wpb_flexslider flexslider_slide flexslider\" data-interval=\"3\" data-flex_fx=\"slide\"><ul class=\"slides\"><li><img loading=\"lazy\" decoding=\"async\" width=\"2048\" height=\"985\" src=\"https:\/\/radlerslust.de\/cz\/wp-content\/uploads\/sites\/2\/2016\/01\/beitrag-kueche.jpg\" class=\"attachment-full\" alt=\"\" title=\"beitrag-kueche\" srcset=\"https:\/\/radlerslust.de\/cz\/wp-content\/uploads\/sites\/2\/2016\/01\/beitrag-kueche.jpg 2048w, https:\/\/radlerslust.de\/cz\/wp-content\/uploads\/sites\/2\/2016\/01\/beitrag-kueche-300x144.jpg 300w, https:\/\/radlerslust.de\/cz\/wp-content\/uploads\/sites\/2\/2016\/01\/beitrag-kueche-768x369.jpg 768w, https:\/\/radlerslust.de\/cz\/wp-content\/uploads\/sites\/2\/2016\/01\/beitrag-kueche-1024x492.jpg 1024w, https:\/\/radlerslust.de\/cz\/wp-content\/uploads\/sites\/2\/2016\/01\/beitrag-kueche-2x1.jpg 2w\" sizes=\"auto, (max-width: 2048px) 100vw, 2048px\" \/><\/li><li><img loading=\"lazy\" decoding=\"async\" width=\"2048\" height=\"984\" src=\"https:\/\/radlerslust.de\/cz\/wp-content\/uploads\/sites\/2\/2016\/01\/beitrag-wohnbereich.jpg\" class=\"attachment-full\" alt=\"\" title=\"beitrag-wohnbereich\" srcset=\"https:\/\/radlerslust.de\/cz\/wp-content\/uploads\/sites\/2\/2016\/01\/beitrag-wohnbereich.jpg 2048w, https:\/\/radlerslust.de\/cz\/wp-content\/uploads\/sites\/2\/2016\/01\/beitrag-wohnbereich-300x144.jpg 300w, https:\/\/radlerslust.de\/cz\/wp-content\/uploads\/sites\/2\/2016\/01\/beitrag-wohnbereich-768x369.jpg 768w, https:\/\/radlerslust.de\/cz\/wp-content\/uploads\/sites\/2\/2016\/01\/beitrag-wohnbereich-1024x492.jpg 1024w, https:\/\/radlerslust.de\/cz\/wp-content\/uploads\/sites\/2\/2016\/01\/beitrag-wohnbereich-2x1.jpg 2w\" sizes=\"auto, (max-width: 2048px) 100vw, 2048px\" \/><\/li><li><img loading=\"lazy\" decoding=\"async\" width=\"1040\" height=\"500\" src=\"https:\/\/radlerslust.de\/cz\/wp-content\/uploads\/sites\/2\/2018\/05\/aufenthaltsraum-beitrag-1040.jpg\" class=\"attachment-full\" alt=\"\" title=\"aufenthaltsraum-beitrag-1040\" srcset=\"https:\/\/radlerslust.de\/cz\/wp-content\/uploads\/sites\/2\/2018\/05\/aufenthaltsraum-beitrag-1040.jpg 1040w, https:\/\/radlerslust.de\/cz\/wp-content\/uploads\/sites\/2\/2018\/05\/aufenthaltsraum-beitrag-1040-300x144.jpg 300w, https:\/\/radlerslust.de\/cz\/wp-content\/uploads\/sites\/2\/2018\/05\/aufenthaltsraum-beitrag-1040-768x369.jpg 768w, https:\/\/radlerslust.de\/cz\/wp-content\/uploads\/sites\/2\/2018\/05\/aufenthaltsraum-beitrag-1040-1024x492.jpg 1024w, https:\/\/radlerslust.de\/cz\/wp-content\/uploads\/sites\/2\/2018\/05\/aufenthaltsraum-beitrag-1040-2x1.jpg 2w\" sizes=\"auto, (max-width: 1040px) 100vw, 1040px\" \/><\/li><li><img loading=\"lazy\" decoding=\"async\" width=\"1040\" height=\"500\" src=\"https:\/\/radlerslust.de\/cz\/wp-content\/uploads\/sites\/2\/2018\/05\/spielzimmer-beitrag-1040.jpg\" class=\"attachment-full\" alt=\"\" title=\"spielzimmer-beitrag-1040\" srcset=\"https:\/\/radlerslust.de\/cz\/wp-content\/uploads\/sites\/2\/2018\/05\/spielzimmer-beitrag-1040.jpg 1040w, https:\/\/radlerslust.de\/cz\/wp-content\/uploads\/sites\/2\/2018\/05\/spielzimmer-beitrag-1040-300x144.jpg 300w, https:\/\/radlerslust.de\/cz\/wp-content\/uploads\/sites\/2\/2018\/05\/spielzimmer-beitrag-1040-768x369.jpg 768w, https:\/\/radlerslust.de\/cz\/wp-content\/uploads\/sites\/2\/2018\/05\/spielzimmer-beitrag-1040-1024x492.jpg 1024w, https:\/\/radlerslust.de\/cz\/wp-content\/uploads\/sites\/2\/2018\/05\/spielzimmer-beitrag-1040-2x1.jpg 2w\" sizes=\"auto, (max-width: 1040px) 100vw, 1040px\" \/><\/li><li><img loading=\"lazy\" decoding=\"async\" width=\"1040\" height=\"500\" src=\"https:\/\/radlerslust.de\/cz\/wp-content\/uploads\/sites\/2\/2018\/05\/aussenanlage-beitrag-1040.jpg\" class=\"attachment-full\" alt=\"\" title=\"aussenanlage-beitrag-1040\" srcset=\"https:\/\/radlerslust.de\/cz\/wp-content\/uploads\/sites\/2\/2018\/05\/aussenanlage-beitrag-1040.jpg 1040w, https:\/\/radlerslust.de\/cz\/wp-content\/uploads\/sites\/2\/2018\/05\/aussenanlage-beitrag-1040-300x144.jpg 300w, https:\/\/radlerslust.de\/cz\/wp-content\/uploads\/sites\/2\/2018\/05\/aussenanlage-beitrag-1040-768x369.jpg 768w, https:\/\/radlerslust.de\/cz\/wp-content\/uploads\/sites\/2\/2018\/05\/aussenanlage-beitrag-1040-1024x492.jpg 1024w, https:\/\/radlerslust.de\/cz\/wp-content\/uploads\/sites\/2\/2018\/05\/aussenanlage-beitrag-1040-2x1.jpg 2w\" sizes=\"auto, (max-width: 1040px) 100vw, 1040px\" \/><\/li><li><img loading=\"lazy\" decoding=\"async\" width=\"1040\" height=\"500\" src=\"https:\/\/radlerslust.de\/cz\/wp-content\/uploads\/sites\/2\/2018\/05\/umgebung-beitrag-1040.jpg\" class=\"attachment-full\" alt=\"\" title=\"umgebung-beitrag-1040\" srcset=\"https:\/\/radlerslust.de\/cz\/wp-content\/uploads\/sites\/2\/2018\/05\/umgebung-beitrag-1040.jpg 1040w, https:\/\/radlerslust.de\/cz\/wp-content\/uploads\/sites\/2\/2018\/05\/umgebung-beitrag-1040-300x144.jpg 300w, https:\/\/radlerslust.de\/cz\/wp-content\/uploads\/sites\/2\/2018\/05\/umgebung-beitrag-1040-768x369.jpg 768w, https:\/\/radlerslust.de\/cz\/wp-content\/uploads\/sites\/2\/2018\/05\/umgebung-beitrag-1040-1024x492.jpg 1024w, https:\/\/radlerslust.de\/cz\/wp-content\/uploads\/sites\/2\/2018\/05\/umgebung-beitrag-1040-2x1.jpg 2w\" sizes=\"auto, (max-width: 1040px) 100vw, 1040px\" \/><\/li><li><img loading=\"lazy\" decoding=\"async\" width=\"2048\" height=\"985\" src=\"https:\/\/radlerslust.de\/cz\/wp-content\/uploads\/sites\/2\/2016\/01\/beitrag-aussen.jpg\" class=\"attachment-full\" alt=\"\" title=\"beitrag-aussen\" srcset=\"https:\/\/radlerslust.de\/cz\/wp-content\/uploads\/sites\/2\/2016\/01\/beitrag-aussen.jpg 2048w, https:\/\/radlerslust.de\/cz\/wp-content\/uploads\/sites\/2\/2016\/01\/beitrag-aussen-300x144.jpg 300w, https:\/\/radlerslust.de\/cz\/wp-content\/uploads\/sites\/2\/2016\/01\/beitrag-aussen-768x369.jpg 768w, https:\/\/radlerslust.de\/cz\/wp-content\/uploads\/sites\/2\/2016\/01\/beitrag-aussen-1024x492.jpg 1024w, https:\/\/radlerslust.de\/cz\/wp-content\/uploads\/sites\/2\/2016\/01\/beitrag-aussen-2x1.jpg 2w\" sizes=\"auto, (max-width: 2048px) 100vw, 2048px\" \/><\/li><\/ul><\/div><\/div><\/div><\/div><\/div><\/div><\/div><div class=\"vc_row wpb_row vc_row-fluid\"><div class=\"wpb_column vc_column_container vc_col-sm-6\"><div class=\"vc_column-inner\"><div class=\"wpb_wrapper\"><div id=\"ts-vcsc-box-icon-2552262\" class=\"ts-vcsc-box-icon   icon_left-style ts-box-icon  \"  style=\"margin-bottom:0px; margin-top:0px;\"><div class=\"ts-css-shadow  \" style=\"background: -webkit-gradient(linear, left top, left bottom, color-stop(0%, #FF0000), color-stop(100%, #FF5900));background: -moz-linear-gradient(top,#FF0000 0%,#FF5900 100%);background: -webkit-linear-gradient(top,#FF0000 0%,#FF5900 100%);background: -o-linear-gradient(top,#FF0000 0%,#FF5900 100%);background: -ms-linear-gradient(top,#FF0000 0%,#FF5900 100%);background: linear-gradient(to bottom,#FF0000 0%,#FF5900 100%);\"><div class=\"ts-icon-box-inner box-detail-wrapper  ts-icon-box-minheight\" style=\" padding: 10px 10px 10px 10px; min-height: 188px;\"><div class=\"ts-box-icon-title-holder\" style=\"display: table; margin: 0 auto 10px auto; float: none;\"><div class=\"ts-box-icon-title-text\" style=\"display: table-cell; vertical-align: middle; width: auto !important; color:#000000; font-size:24px; font-weight:inherit; text-align: center; \">P\u016fj\u010dovna kol<\/div><\/div><div class=\"ts-icon-box-content\" style=\"clear: both;  font-size: 14px; line-height: 20px; \"><h2 style=\"text-align: center;\"><span style=\"color: #000000;\">Pond\u011bl\u00ed &#8211; ned\u011ble: 9:00 \u2013 17:00 Uhr<\/span><\/h2>\n<h2 style=\"text-align: center;\"><span style=\"color: #000000;\">Telefon 03573 8105334<\/span><\/h2>\n<\/div><\/div><div class=\"clearboth\"><\/div><\/div><\/div><\/div><\/div><\/div><div class=\"wpb_column vc_column_container vc_col-sm-6\"><div class=\"vc_column-inner\"><div class=\"wpb_wrapper\"><div id=\"ts-vcsc-box-icon-3518416\" class=\"ts-vcsc-box-icon   icon_left-style ts-box-icon  \"  style=\"margin-bottom:0px; margin-top:0px;\"><div class=\"ts-css-shadow  \" style=\"background: -webkit-gradient(linear, left top, left bottom, color-stop(0%, #FF0000), color-stop(100%, #FF5900));background: -moz-linear-gradient(top,#FF0000 0%,#FF5900 100%);background: -webkit-linear-gradient(top,#FF0000 0%,#FF5900 100%);background: -o-linear-gradient(top,#FF0000 0%,#FF5900 100%);background: -ms-linear-gradient(top,#FF0000 0%,#FF5900 100%);background: linear-gradient(to bottom,#FF0000 0%,#FF5900 100%);\"><div class=\"ts-icon-box-inner box-detail-wrapper  ts-icon-box-minheight\" style=\" padding: 10px 10px 10px 10px; min-height: 188px;\"><div class=\"ts-box-icon-title-holder\" style=\"display: table; margin: 0 auto 10px auto; float: none;\"><div class=\"ts-box-icon-title-text\" style=\"display: table-cell; vertical-align: middle; width: auto !important; color:#000000; font-size:24px; font-weight:inherit; text-align: center; \">\u010dasy recepce<\/div><\/div><div class=\"ts-icon-box-content\" style=\"clear: both;  font-size: 14px; line-height: 20px; \"><h2 style=\"text-align: center;\"><span style=\"color: #000000;\">Pond\u011bl\u00ed &#8211; p\u00e1tek: 9:00 \u2013 16:00 Uhr<\/span><\/h2>\n<h2 style=\"text-align: center;\"><span style=\"color: #000000;\">Telefon 03573 810533<\/span><\/h2>\n<\/div><\/div><div class=\"clearboth\"><\/div><\/div><\/div><\/div><\/div><\/div><\/div><div class=\"vc_row wpb_row vc_row-fluid\"><div class=\"wpb_column vc_column_container vc_col-sm-12\"><div class=\"vc_column-inner\"><div class=\"wpb_wrapper\"><div class=\"vc_separator wpb_content_element vc_separator_align_center vc_sep_width_100 vc_sep_border_width_3 vc_sep_pos_align_center vc_sep_color_orange vc_custom_1592406925291 wpb_content_element vc_separator-has-text\" ><span class=\"vc_sep_holder vc_sep_holder_l\"><span class=\"vc_sep_line\"><\/span><\/span><h4>Ferienhof \"Radlerslust!<\/h4><span class=\"vc_sep_holder vc_sep_holder_r\"><span class=\"vc_sep_line\"><\/span><\/span>\n<\/div><\/div><\/div><\/div><\/div><div class=\"vc_row wpb_row vc_row-fluid\"><div class=\"wpb_column vc_column_container vc_col-sm-6\"><div class=\"vc_column-inner\"><div class=\"wpb_wrapper\">\n\t<div class=\"wpb_text_column wpb_content_element\" >\n\t\t<div class=\"wpb_wrapper\">\n\t\t\t<p><strong>Srde\u010dn\u011b v\u00edtejte na internetov\u00fdch str\u00e1nk\u00e1ch na\u0161eho pr\u00e1zdninov\u00e9ho statku Raderslust!<\/strong><br \/>\nV Gro\u03b2koschenu, v srdci Lu\u017eick\u00e9ho jezern\u00edho kr\u00e1lovstv\u00ed, naleznete v\u0161e, co si m\u016f\u017eete p\u0159\u00e1t pro svou aktivn\u00ed dovolenou. V poklidn\u00e9m vesnick\u00e9m prost\u0159ed\u00ed v\u00e1m nab\u00edz\u00edme 16 komfortn\u00edch pr\u00e1zdninov\u00fdch byt\u016f s malebnou atmosf\u00e9rou v bezprost\u0159edn\u00ed bl\u00edzkosti jezera Senftenberger See.<br \/>\nVe dvou, s malou rodinou nebo ve v\u011bt\u0161\u00edm po\u010dtu\u00a0<a href=\"https:\/\/radlerslust.de\/cz\/o-nas\/\"> V\u00cdCE<\/a><\/p>\n\n\t\t<\/div>\n\t<\/div>\n<\/div><\/div><\/div><div class=\"wpb_column vc_column_container vc_col-sm-6\"><div class=\"vc_column-inner\"><div class=\"wpb_wrapper\"><div class=\"vc_btn3-container vc_btn3-center vc_do_btn\" ><a class=\"vc_general vc_btn3 vc_btn3-size-md vc_btn3-shape-rounded vc_btn3-style-3d vc_btn3-icon-left vc_btn3-color-warning\" href=\"https:\/\/radlerslust.de\/blog\/angebote\/\" title=\"Bei uns k\u00f6nnen Sie auch im Urlaub sparen\"><i class=\"vc_btn3-icon fa fa-money\"><\/i> Nab\u00eddka<\/a><\/div>\n\t<div class=\"wpb_text_column wpb_content_element\" >\n\t\t<div class=\"wpb_wrapper\">\n\t\t\t<p>Vyu\u017eijte p\u0159\u00edle\u017eitosti, jak u\u0161et\u0159it pen\u00edze v pr\u016fb\u011bhu nejlep\u0161\u00edch t\u00fddn\u016f v roce.<\/p>\n\n\t\t<\/div>\n\t<\/div>\n<\/div><\/div><\/div><\/div><div class=\"vc_row wpb_row vc_row-fluid\"><div class=\"wpb_column vc_column_container vc_col-sm-12\"><div class=\"vc_column-inner\"><div class=\"wpb_wrapper\"><div class=\"vc_separator wpb_content_element vc_separator_align_center vc_sep_width_100 vc_sep_border_width_3 vc_sep_pos_align_center vc_sep_color_orange vc_custom_1450697822592 wpb_content_element vc_separator-has-text\" ><span class=\"vc_sep_holder vc_sep_holder_l\"><span class=\"vc_sep_line\"><\/span><\/span><h4>Service<\/h4><span class=\"vc_sep_holder vc_sep_holder_r\"><span class=\"vc_sep_line\"><\/span><\/span>\n<\/div><\/div><\/div><\/div><\/div><div class=\"vc_row wpb_row vc_row-fluid\"><div class=\"wpb_column vc_column_container vc_col-sm-4\"><div class=\"vc_column-inner\"><div class=\"wpb_wrapper\"><div id=\"ts-vcsc-image-hover-7557127\" class=\"ts-image-hover-frame ts-imagefloat-center    ts-trigger-hover-adjust\"  style=\"width: 100%; margin-top: 0px; margin-bottom: 0px;\"><div id=\"ts-vcsc-image-hover-7557127-counter\" class=\"ts-fluid-wrapper \" style=\"width: 100%; height: auto;\"><div style=\"padding-bottom: 25px;\"><div id=\"ts-vcsc-image-hover-7557127-mask\" class=\"ts-imagehover ts-imagehover-static ts-imagehover-style1 ts-trigger-hover \" data-trigger=\"ts-trigger-hover\" data-closer=\"ts-vcsc-image-hover-7557127-closer\" style=\"width: 100%; height: auto; \"><img decoding=\"async\" src=\"https:\/\/radlerslust.de\/cz\/wp-content\/uploads\/sites\/2\/2015\/12\/home_event.jpg\" data-no-lazy=\"1\" alt=\"Ud\u00e1losti v na\u0161em regionu\" style=\"width: 100%; height: auto;\"\/><div class=\"mask\" style=\" width: 100%; height: 100%; display: block;\"><h3 class=\"ts-image-hover-title\" style=\"   \">Ud\u00e1losti v na\u0161em regionu<\/h3><div id=\"ts-vcsc-image-hover-7557127-maskcontent\" class=\"maskcontent\" style=\" \"><\/div><a id=\"ts-vcsc-image-hover-7557127-readmore\" style=\"   \" href=\"https:\/\/radlerslust.de\/cz\/events\" class=\"info ts-image-hover-button\" target=\"_parent\">mehr Infos<\/a><\/div><\/div><div class=\"ts-image-hover-handle\" style=\"\"><span class=\"frame_handle_hover\" style=\"background-color: #f7b500\"><i class=\"handle_hover\"><\/i><\/span><\/div><\/div><\/div><\/div><\/div><\/div><\/div><div class=\"wpb_column vc_column_container vc_col-sm-4\"><div class=\"vc_column-inner\"><div class=\"wpb_wrapper\"><div id=\"ts-vcsc-image-hover-1245213\" class=\"ts-image-hover-frame ts-imagefloat-center    ts-trigger-hover-adjust\"  style=\"width: 100%; margin-top: 0px; margin-bottom: 0px;\"><div id=\"ts-vcsc-image-hover-1245213-counter\" class=\"ts-fluid-wrapper \" style=\"width: 100%; height: auto;\"><div style=\"padding-bottom: 25px;\"><div id=\"ts-vcsc-image-hover-1245213-mask\" class=\"ts-imagehover ts-imagehover-static ts-imagehover-style1 ts-trigger-hover \" data-trigger=\"ts-trigger-hover\" data-closer=\"ts-vcsc-image-hover-1245213-closer\" style=\"width: 100%; height: auto; \"><img decoding=\"async\" src=\"https:\/\/radlerslust.de\/cz\/wp-content\/uploads\/sites\/2\/2015\/12\/home_fahrrad.jpg\" data-no-lazy=\"1\" alt=\"P\u016fj\u010dovna kol\" style=\"width: 100%; height: auto;\"\/><div class=\"mask\" style=\" width: 100%; height: 100%; display: block;\"><h3 class=\"ts-image-hover-title\" style=\"   \">P\u016fj\u010dovna kol<\/h3><div id=\"ts-vcsc-image-hover-1245213-maskcontent\" class=\"maskcontent\" style=\" \"><\/div><a id=\"ts-vcsc-image-hover-1245213-readmore\" style=\"   \" href=\"https:\/\/radlerslust.de\/cz\/pujcovna-kol\" class=\"info ts-image-hover-button\" target=\"_parent\">mehr Infos<\/a><\/div><\/div><div class=\"ts-image-hover-handle\" style=\"\"><span class=\"frame_handle_hover\" style=\"background-color: #f7b500\"><i class=\"handle_hover\"><\/i><\/span><\/div><\/div><\/div><\/div><\/div><\/div><\/div><div class=\"wpb_column vc_column_container vc_col-sm-4\"><div class=\"vc_column-inner\"><div class=\"wpb_wrapper\"><div id=\"ts-vcsc-image-hover-5299529\" class=\"ts-image-hover-frame ts-imagefloat-center    ts-trigger-hover-adjust\"  style=\"width: 100%; margin-top: 0px; margin-bottom: 0px;\"><div id=\"ts-vcsc-image-hover-5299529-counter\" class=\"ts-fluid-wrapper \" style=\"width: 100%; height: auto;\"><div style=\"padding-bottom: 25px;\"><div id=\"ts-vcsc-image-hover-5299529-mask\" class=\"ts-imagehover ts-imagehover-static ts-imagehover-style1 ts-trigger-hover \" data-trigger=\"ts-trigger-hover\" data-closer=\"ts-vcsc-image-hover-5299529-closer\" style=\"width: 100%; height: auto; \"><img decoding=\"async\" src=\"https:\/\/radlerslust.de\/cz\/wp-content\/uploads\/sites\/2\/2015\/12\/home_zert.jpg\" data-no-lazy=\"1\" alt=\"Certifikace\" style=\"width: 100%; height: auto;\"\/><div class=\"mask\" style=\" width: 100%; height: 100%; display: block;\"><h3 class=\"ts-image-hover-title\" style=\"   \">Hodnocen\u00ed kvality<\/h3><div id=\"ts-vcsc-image-hover-5299529-maskcontent\" class=\"maskcontent\" style=\" \">Kvalita je u n\u00e1s na prvn\u00edm m\u00edst\u011b. Ji\u017e kr\u00e1tce po na\u0161em otev\u0159en\u00ed jsme pro na\u0161e ubytov\u00e1n\u00ed obdr\u017eeli \u010dty\u0159i hv\u011bzdi\u010dky kvality.<\/div><a id=\"ts-vcsc-image-hover-5299529-readmore\" style=\"   \" href=\"https:\/\/radlerslust.de\/cz\/certifikace\" class=\"info ts-image-hover-button\" target=\"_parent\">mehr Infos<\/a><\/div><\/div><div class=\"ts-image-hover-handle\" style=\"\"><span class=\"frame_handle_hover\" style=\"background-color: #f7b500\"><i class=\"handle_hover\"><\/i><\/span><\/div><\/div><\/div><\/div><\/div><\/div><\/div><\/div><div class=\"vc_row wpb_row vc_row-fluid\"><div class=\"wpb_column vc_column_container vc_col-sm-12\"><div class=\"vc_column-inner\"><div class=\"wpb_wrapper\"><div class=\"vc_separator wpb_content_element vc_separator_align_center vc_sep_width_100 vc_sep_border_width_3 vc_sep_pos_align_center vc_sep_color_orange vc_custom_1450700419685 wpb_content_element vc_separator-has-text\" ><span class=\"vc_sep_holder vc_sep_holder_l\"><span class=\"vc_sep_line\"><\/span><\/span><h4>Na\u0161i partne\u0159i<\/h4><span class=\"vc_sep_holder vc_sep_holder_r\"><span class=\"vc_sep_line\"><\/span><\/span>\n<\/div><\/div><\/div><\/div><\/div><div class=\"vc_row wpb_row vc_row-fluid\"><div class=\"wpb_column vc_column_container vc_col-sm-4\"><div class=\"vc_column-inner\"><div class=\"wpb_wrapper\"><a href=\"http:\/\/www.lausitzerseenland.de\" target=\"_blank\"><div id=\"ts-vcsc-image-adipoli-9056475\" class=\"ts-image-adipoli-frame ts-imagefloat-center    \"  style=\"width: 100%; margin-top: 0px; margin-bottom: 0px;\"><div id=\"ts-vcsc-image-adipoli-9056475-counter\" class=\"ts-fluid-wrapper \" style=\"width: 100%; height: auto;\"><div class=\"ts-image-adipoli-padding\" style=\"padding-bottom: 16px;\"><img decoding=\"async\" class=\"ts-imageadipoli\" data-handle=\"true\" data-no-lazy=\"1\" data-frame=\"ts-vcsc-image-adipoli-9056475\" data-init=\"false\" data-responsive=\"true\" data-width=\"100\" data-height=\"auto\" data-tag=\"responsive\" data-start=\"grayscale\" data-hover=\"normal\" data-text=\"\" src=\"https:\/\/radlerslust.de\/cz\/wp-content\/uploads\/sites\/2\/2015\/09\/laussenl.jpg\" alt=\"laussenl\" style=\"width: 100%; height: 100%;\"\/><div class=\"ts-image-adipoli-handle\" style=\"\"><span class=\"frame_handle_adipoli\" style=\"background-color: #ffa100\"><i class=\"handle-click\"><\/i><\/span><\/div><\/div><\/div><\/div><\/a><\/div><\/div><\/div><div class=\"wpb_column vc_column_container vc_col-sm-4\"><div class=\"vc_column-inner\"><div class=\"wpb_wrapper\"><a href=\"http:\/\/www.senftenberg.de\" target=\"_blank\"><div id=\"ts-vcsc-image-adipoli-1241331\" class=\"ts-image-adipoli-frame ts-imagefloat-center    \"  style=\"width: 100%; margin-top: 0px; margin-bottom: 0px;\"><div id=\"ts-vcsc-image-adipoli-1241331-counter\" class=\"ts-fluid-wrapper \" style=\"width: 100%; height: auto;\"><div class=\"ts-image-adipoli-padding\" style=\"padding-bottom: 16px;\"><img decoding=\"async\" class=\"ts-imageadipoli\" data-handle=\"true\" data-no-lazy=\"1\" data-frame=\"ts-vcsc-image-adipoli-1241331\" data-init=\"false\" data-responsive=\"true\" data-width=\"100\" data-height=\"auto\" data-tag=\"responsive\" data-start=\"grayscale\" data-hover=\"normal\" data-text=\"\" src=\"https:\/\/radlerslust.de\/cz\/wp-content\/uploads\/sites\/2\/2015\/09\/senftenberg.jpg\" alt=\"senftenberg\" style=\"width: 100%; height: 100%;\"\/><div class=\"ts-image-adipoli-handle\" style=\"\"><span class=\"frame_handle_adipoli\" style=\"background-color: #ffa100\"><i class=\"handle-click\"><\/i><\/span><\/div><\/div><\/div><\/div><\/a><\/div><\/div><\/div><div class=\"wpb_column vc_column_container vc_col-sm-4\"><div class=\"vc_column-inner\"><div class=\"wpb_wrapper\"><a href=\"http:\/\/volkmarkoester.de\/seesporthalle\/\" target=\"_blank\"><div id=\"ts-vcsc-image-adipoli-2152962\" class=\"ts-image-adipoli-frame ts-imagefloat-center    \"  style=\"width: 100%; margin-top: 0px; margin-bottom: 0px;\"><div id=\"ts-vcsc-image-adipoli-2152962-counter\" class=\"ts-fluid-wrapper \" style=\"width: 100%; height: auto;\"><div class=\"ts-image-adipoli-padding\" style=\"padding-bottom: 16px;\"><img decoding=\"async\" class=\"ts-imageadipoli\" data-handle=\"true\" data-no-lazy=\"1\" data-frame=\"ts-vcsc-image-adipoli-2152962\" data-init=\"false\" data-responsive=\"true\" data-width=\"100\" data-height=\"auto\" data-tag=\"responsive\" data-start=\"grayscale\" data-hover=\"normal\" data-text=\"\" src=\"https:\/\/radlerslust.de\/cz\/wp-content\/uploads\/sites\/2\/2015\/09\/dsci2187.jpg\" alt=\"Seesporthalle\" style=\"width: 100%; height: 100%;\"\/><div class=\"ts-image-adipoli-handle\" style=\"\"><span class=\"frame_handle_adipoli\" style=\"background-color: #ffa100\"><i class=\"handle-click\"><\/i><\/span><\/div><\/div><\/div><\/div><\/a><\/div><\/div><\/div><\/div>\n<p>&nbsp;<\/p>\n<p>&nbsp;<\/p>\n<p>&nbsp;<\/p>\n<p>&nbsp;<\/p>\n<p>&nbsp;<\/p>\n<p>&nbsp;<\/p>\n<p>&nbsp;<\/p>\n<p>&nbsp;<\/p>\n<p>&nbsp;<\/p>\n<\/div>","protected":false},"excerpt":{"rendered":"<p>&nbsp; &nbsp; &nbsp; &nbsp; &nbsp; &nbsp; &nbsp; &nbsp; &nbsp;<\/p>\n","protected":false},"author":1,"featured_media":0,"parent":0,"menu_order":0,"comment_status":"closed","ping_status":"closed","template":"page-templates\/full-width.php","meta":{"footnotes":""},"class_list":["post-515","page","type-page","status-publish","hentry"],"_links":{"self":[{"href":"https:\/\/radlerslust.de\/cz\/wp-json\/wp\/v2\/pages\/515","targetHints":{"allow":["GET"]}}],"collection":[{"href":"https:\/\/radlerslust.de\/cz\/wp-json\/wp\/v2\/pages"}],"about":[{"href":"https:\/\/radlerslust.de\/cz\/wp-json\/wp\/v2\/types\/page"}],"author":[{"embeddable":true,"href":"https:\/\/radlerslust.de\/cz\/wp-json\/wp\/v2\/users\/1"}],"replies":[{"embeddable":true,"href":"https:\/\/radlerslust.de\/cz\/wp-json\/wp\/v2\/comments?post=515"}],"version-history":[{"count":11,"href":"https:\/\/radlerslust.de\/cz\/wp-json\/wp\/v2\/pages\/515\/revisions"}],"predecessor-version":[{"id":930,"href":"https:\/\/radlerslust.de\/cz\/wp-json\/wp\/v2\/pages\/515\/revisions\/930"}],"wp:attachment":[{"href":"https:\/\/radlerslust.de\/cz\/wp-json\/wp\/v2\/media?parent=515"}],"curies":[{"name":"wp","href":"https:\/\/api.w.org\/{rel}","templated":true}]}}