{"id":488,"date":"2015-12-17T17:55:45","date_gmt":"2015-12-17T16:55:45","guid":{"rendered":"https:\/\/radlerslust.de\/cz\/?page_id=488"},"modified":"2021-07-24T17:50:22","modified_gmt":"2021-07-24T15:50:22","slug":"rekreacni-dum-nixe","status":"publish","type":"page","link":"https:\/\/radlerslust.de\/cz\/rekreacni-dum-nixe\/","title":{"rendered":"rekrea\u010dn\u00ed d\u016fm Nixe"},"content":{"rendered":"<div class=\"wpb-content-wrapper\"><div class=\"vc_row wpb_row vc_row-fluid\"><div class=\"wpb_column vc_column_container vc_col-sm-12\"><div class=\"vc_column-inner\"><div class=\"wpb_wrapper\">\n\t<div class=\"wpb_text_column wpb_content_element\" >\n\t\t<div class=\"wpb_wrapper\">\n\t\t\t<p><span class=\"short_text\" lang=\"cs\"><span class=\"hps\"><\/p>\n\n\t\t<\/div>\n\t<\/div>\n<\/div><\/div><\/div><\/div><div class=\"vc_row wpb_row vc_row-fluid\"><div class=\"wpb_column vc_column_container vc_col-sm-12\"><div class=\"vc_column-inner\"><div class=\"wpb_wrapper\">\n\t<div class=\"wpb_text_column wpb_content_element\" >\n\t\t<div class=\"wpb_wrapper\">\n\t\t\t<p>\n<\/span><\/span><\/p>\n<h2>Rekrea\u010dn\u00ed d\u016fm Nixe<\/h2>\n\n\t\t<\/div>\n\t<\/div>\n<\/div><\/div><\/div><\/div><div class=\"vc_row wpb_row vc_row-fluid\"><div class=\"wpb_column vc_column_container vc_col-sm-8\"><div class=\"vc_column-inner\"><div class=\"wpb_wrapper\">\n\t<div class=\"wpb_text_column wpb_content_element\" >\n\t\t<div class=\"wpb_wrapper\">\n\t\t\t<p>Po\u010det osob: 4<br \/>\nVelikost: ca. 70 m\u00b2<\/p>\n\n\t\t<\/div>\n\t<\/div>\n<\/div><\/div><\/div><div class=\"wpb_column vc_column_container vc_col-sm-4\"><div class=\"vc_column-inner\"><div class=\"wpb_wrapper\">\n\t<div class=\"wpb_text_column wpb_content_element\" >\n\t\t<div class=\"wpb_wrapper\">\n\t\t\t<p><a href=\"https:\/\/radlerslust.de\/prtl-bch\/index.html#\/roomselection?hotel=6093&amp;roomtypes=34163\" target=\"_blank\" rel=\"noopener noreferrer\">Informace a rezervace<\/a><\/p>\n\n\t\t<\/div>\n\t<\/div>\n<\/div><\/div><\/div><\/div><div class=\"vc_row wpb_row vc_row-fluid vc_custom_1450370850769\"><div class=\"wpb_column vc_column_container vc_col-sm-12\"><div class=\"vc_column-inner\"><div class=\"wpb_wrapper\"><div id=\"ts-vcsc-image-gallery-2474403\" class=\"ts-image-gallery-wrapper ts-kraut-lightbox-frame   \" data-style=\"grid\" data-break-parents=\"6\" data-inline=\"false\" style=\"margin-top: 0px; margin-bottom: 0px; position: relative;\"><div id=\"ts-vcsc-image-gallery-2474403-grid\" class=\"ts-lightbox-gallery-grid\"><a style=\"width: 20%; height: 100%; display: inline-block; margin: 0; padding: 0;; display: none;\" id=\"krautgroup2474403-0\" href=\"https:\/\/radlerslust.de\/cz\/wp-content\/uploads\/sites\/2\/2016\/01\/aussen-westen.jpg\" target=\"_blank\" data-preview=\"https:\/\/radlerslust.de\/cz\/wp-content\/uploads\/sites\/2\/2016\/01\/aussen-westen-300x260.jpg\" data-thumbnail=\"https:\/\/radlerslust.de\/cz\/wp-content\/uploads\/sites\/2\/2016\/01\/aussen-westen-300x260.jpg\" data-include=\"true\" data-hover=\"\" data-alt=\"\" data-title=\"\" data-groups=\"\" class=\"kraut-lightbox-media no-ajaxy ts-hover-image krautgroup2474403 nofancybox\" rel=\"krautgroup2474403\" data-effect=\"random\" data-nohashes=\"true\" data-usecors=\"global\" data-save=\"0\" data-share=\"0\" data-no-lazy=\"1\">#1<\/a><a style=\"width: 20%; height: 100%; display: inline-block; margin: 0; padding: 0;; display: none;\" id=\"krautgroup2474403-1\" href=\"https:\/\/radlerslust.de\/cz\/wp-content\/uploads\/sites\/2\/2016\/01\/aussen-sueden.jpg\" target=\"_blank\" data-preview=\"https:\/\/radlerslust.de\/cz\/wp-content\/uploads\/sites\/2\/2016\/01\/aussen-sueden-300x197.jpg\" data-thumbnail=\"https:\/\/radlerslust.de\/cz\/wp-content\/uploads\/sites\/2\/2016\/01\/aussen-sueden-300x197.jpg\" data-include=\"true\" data-hover=\"\" data-alt=\"\" data-title=\"\" data-groups=\"\" class=\"kraut-lightbox-media no-ajaxy ts-hover-image krautgroup2474403 nofancybox\" rel=\"krautgroup2474403\" data-effect=\"random\" data-nohashes=\"true\" data-usecors=\"global\" data-save=\"0\" data-share=\"0\" data-no-lazy=\"1\">#2<\/a><a style=\"width: 20%; height: 100%; display: inline-block; margin: 0; padding: 0;; display: none;\" id=\"krautgroup2474403-2\" href=\"https:\/\/radlerslust.de\/cz\/wp-content\/uploads\/sites\/2\/2016\/01\/aussen-osten.jpg\" target=\"_blank\" data-preview=\"https:\/\/radlerslust.de\/cz\/wp-content\/uploads\/sites\/2\/2016\/01\/aussen-osten-300x263.jpg\" data-thumbnail=\"https:\/\/radlerslust.de\/cz\/wp-content\/uploads\/sites\/2\/2016\/01\/aussen-osten-300x263.jpg\" data-include=\"true\" data-hover=\"\" data-alt=\"\" data-title=\"\" data-groups=\"\" class=\"kraut-lightbox-media no-ajaxy ts-hover-image krautgroup2474403 nofancybox\" rel=\"krautgroup2474403\" data-effect=\"random\" data-nohashes=\"true\" data-usecors=\"global\" data-save=\"0\" data-share=\"0\" data-no-lazy=\"1\">#3<\/a><a style=\"width: 20%; height: 100%; display: inline-block; margin: 0; padding: 0;; display: none;\" id=\"krautgroup2474403-3\" href=\"https:\/\/radlerslust.de\/cz\/wp-content\/uploads\/sites\/2\/2016\/01\/aussen-norden.jpg\" target=\"_blank\" data-preview=\"https:\/\/radlerslust.de\/cz\/wp-content\/uploads\/sites\/2\/2016\/01\/aussen-norden-300x196.jpg\" data-thumbnail=\"https:\/\/radlerslust.de\/cz\/wp-content\/uploads\/sites\/2\/2016\/01\/aussen-norden-300x196.jpg\" data-include=\"true\" data-hover=\"\" data-alt=\"\" data-title=\"\" data-groups=\"\" class=\"kraut-lightbox-media no-ajaxy ts-hover-image krautgroup2474403 nofancybox\" rel=\"krautgroup2474403\" data-effect=\"random\" data-nohashes=\"true\" data-usecors=\"global\" data-save=\"0\" data-share=\"0\" data-no-lazy=\"1\">#4<\/a><a style=\"width: 20%; height: 100%; display: inline-block; margin: 0; padding: 0;; display: none;\" id=\"krautgroup2474403-4\" href=\"https:\/\/radlerslust.de\/cz\/wp-content\/uploads\/sites\/2\/2015\/12\/feha-erdgeschoss.jpg\" target=\"_blank\" data-preview=\"https:\/\/radlerslust.de\/cz\/wp-content\/uploads\/sites\/2\/2015\/12\/feha-erdgeschoss-215x300.jpg\" data-thumbnail=\"https:\/\/radlerslust.de\/cz\/wp-content\/uploads\/sites\/2\/2015\/12\/feha-erdgeschoss-215x300.jpg\" data-include=\"true\" data-hover=\"\" data-alt=\"\" data-title=\"\" data-groups=\"\" class=\"kraut-lightbox-media no-ajaxy ts-hover-image krautgroup2474403 nofancybox\" rel=\"krautgroup2474403\" data-effect=\"random\" data-nohashes=\"true\" data-usecors=\"global\" data-save=\"0\" data-share=\"0\" data-no-lazy=\"1\">#5<\/a><a style=\"width: 20%; height: 100%; display: inline-block; margin: 0; padding: 0;; display: none;\" id=\"krautgroup2474403-5\" href=\"https:\/\/radlerslust.de\/cz\/wp-content\/uploads\/sites\/2\/2015\/12\/feha-obergeschoss-1.jpg\" target=\"_blank\" data-preview=\"https:\/\/radlerslust.de\/cz\/wp-content\/uploads\/sites\/2\/2015\/12\/feha-obergeschoss-1-214x300.jpg\" data-thumbnail=\"https:\/\/radlerslust.de\/cz\/wp-content\/uploads\/sites\/2\/2015\/12\/feha-obergeschoss-1-214x300.jpg\" data-random=\"2474403\" data-include=\"true\" data-hover=\"\" data-alt=\"\" data-title=\"\" data-groups=\"\" class=\"kraut-lightbox-media no-ajaxy ts-hover-image krautgroup2474403 nofancybox\" rel=\"krautgroup2474403\" data-effect=\"random\" data-usecors=\"global\" data-save=\"0\" data-share=\"0\" data-play=\"1\" data-autoplay=\"0\" data-duration=\"5000\" data-thumbsize=\"100\" data-thumbs=\"bottom\"  data-nohashes=\"true\" data-captions=\"true\" data-grid=\"240,480,720,960\" data-gridpreloader=\"false\" data-gridspace=\"2\" data-gridorder=\"false\" data-gridfilter=\"true\" data-gridavailable=\"Available Groups\" data-gridselected=\"Filtered Groups\" data-gridnogroups=\"No Groups\" data-gridtoggle=\"Toggle Filter\" data-gridtogglestyle=\"ts-color-button-belize-hole-flat\" data-gridshowall=\"Show All\" data-gridshowallstyle=\"ts-color-button-green-sea-flat\" data-no-lazy=\"1\">#6<\/a><\/div><\/div><\/div><\/div><\/div><\/div><div class=\"vc_row wpb_row vc_row-fluid\"><div class=\"wpb_column vc_column_container vc_col-sm-12\"><div class=\"vc_column-inner\"><div class=\"wpb_wrapper\">\n\t<div class=\"wpb_text_column wpb_content_element\" >\n\t\t<div class=\"wpb_wrapper\">\n\t\t\t<p><span id=\"result_box\" class=\"short_text\" lang=\"cs\"><span class=\"hps\"><br \/>\n<\/span><\/span><\/p>\n\n\t\t<\/div>\n\t<\/div>\n<\/div><\/div><\/div><\/div>\n<\/div>","protected":false},"excerpt":{"rendered":"Rekrea\u010dn\u00ed d\u016fm Nixe Po\u010det osob: 4 Velikost: ca. 70 m\u00b2 Informace a rezervace #1#2#3#4#5#6","protected":false},"author":1,"featured_media":0,"parent":0,"menu_order":0,"comment_status":"closed","ping_status":"closed","template":"","meta":{"footnotes":""},"class_list":["post-488","page","type-page","status-publish","hentry"],"_links":{"self":[{"href":"https:\/\/radlerslust.de\/cz\/wp-json\/wp\/v2\/pages\/488","targetHints":{"allow":["GET"]}}],"collection":[{"href":"https:\/\/radlerslust.de\/cz\/wp-json\/wp\/v2\/pages"}],"about":[{"href":"https:\/\/radlerslust.de\/cz\/wp-json\/wp\/v2\/types\/page"}],"author":[{"embeddable":true,"href":"https:\/\/radlerslust.de\/cz\/wp-json\/wp\/v2\/users\/1"}],"replies":[{"embeddable":true,"href":"https:\/\/radlerslust.de\/cz\/wp-json\/wp\/v2\/comments?post=488"}],"version-history":[{"count":7,"href":"https:\/\/radlerslust.de\/cz\/wp-json\/wp\/v2\/pages\/488\/revisions"}],"predecessor-version":[{"id":813,"href":"https:\/\/radlerslust.de\/cz\/wp-json\/wp\/v2\/pages\/488\/revisions\/813"}],"wp:attachment":[{"href":"https:\/\/radlerslust.de\/cz\/wp-json\/wp\/v2\/media?parent=488"}],"curies":[{"name":"wp","href":"https:\/\/api.w.org\/{rel}","templated":true}]}}