{"id":44,"date":"2015-09-12T10:55:59","date_gmt":"2015-09-12T08:55:59","guid":{"rendered":"https:\/\/radlerslust.de\/cz\/?page_id=44"},"modified":"2025-07-30T14:55:55","modified_gmt":"2025-07-30T12:55:55","slug":"certifikace","status":"publish","type":"page","link":"https:\/\/radlerslust.de\/cz\/certifikace\/","title":{"rendered":"Certifikace"},"content":{"rendered":"<div class=\"wpb-content-wrapper\"><div class=\"vc_row wpb_row vc_row-fluid\"><div class=\"wpb_column vc_column_container vc_col-sm-8\"><div class=\"vc_column-inner\"><div class=\"wpb_wrapper\">\n\t<div class=\"wpb_text_column wpb_content_element\" >\n\t\t<div class=\"wpb_wrapper\">\n\t\t\t<h2 style=\"text-align: center;\">Kvalita je u n\u00e1s na prvn\u00edm m\u00edst\u00ec!<\/h2>\n<p>&nbsp;<\/p>\n<p><img loading=\"lazy\" decoding=\"async\" class=\"size-full wp-image-618 aligncenter\" src=\"https:\/\/radlerslust.de\/wp-content\/uploads\/2015\/09\/zert.jpg\" alt=\"zert\" width=\"521\" height=\"115\" \/><\/p>\n\n\t\t<\/div>\n\t<\/div>\n<\/div><\/div><\/div><div class=\"wpb_column vc_column_container vc_col-sm-4\"><div class=\"vc_column-inner\"><div class=\"wpb_wrapper\">\n\t<div  class=\"wpb_single_image wpb_content_element vc_align_left wpb_content_element\">\n\t\t\n\t\t<figure class=\"wpb_wrapper vc_figure\">\n\t\t\t<div class=\"vc_single_image-wrapper   vc_box_border_grey\"><img loading=\"lazy\" decoding=\"async\" width=\"150\" height=\"150\" src=\"https:\/\/radlerslust.de\/cz\/wp-content\/uploads\/sites\/2\/2018\/05\/20180321_103153-1200px-150x150.jpg\" class=\"vc_single_image-img attachment-thumbnail\" alt=\"\" title=\"20180321_103153-1200px\" srcset=\"https:\/\/radlerslust.de\/cz\/wp-content\/uploads\/sites\/2\/2018\/05\/20180321_103153-1200px-150x150.jpg 150w, https:\/\/radlerslust.de\/cz\/wp-content\/uploads\/sites\/2\/2018\/05\/20180321_103153-1200px-1x1.jpg 1w\" sizes=\"auto, (max-width: 150px) 100vw, 150px\" \/><\/div>\n\t\t<\/figure>\n\t<\/div>\n<\/div><\/div><\/div><\/div><div class=\"vc_row wpb_row vc_row-fluid vc_custom_1450361840569 vc_row-has-fill\"><div class=\"wpb_column vc_column_container vc_col-sm-12\"><div class=\"vc_column-inner\"><div class=\"wpb_wrapper\">\n\t<div class=\"wpb_text_column wpb_content_element\" >\n\t\t<div class=\"wpb_wrapper\">\n\t\t\t<h2>4-Sterne | Bett &amp; Bike<\/h2>\n<p>Ji\u017e kr\u00e1tce po otev\u00f8en\u00ed na\u0161eho ubytovac\u00edho za\u00f8\u00edzen\u00ed jsme to zvl\u00e1dli &#8211; v\u0161echny na\u0161e pr\u00e1zdninov\u00e9 byty obdr\u017eely 4 hv\u00eczdi\u00e8ky v hodnocen\u00ed kvality ubytov\u00e1n\u00ed.Stejn\u00ec tak jsme d\u00edky na\u0161emu konceptu a vybaven\u00ed obdr\u017eeli i presti\u017en\u00ed certifik\u00e1t pro ubytovac\u00ed za\u00f8\u00edzen\u00ed ur\u00e8en\u00e1 cyklist\u00f9m &#8211; certifik\u00e1t ADFC &#8220;Bett &amp; Bike&#8221;.<\/p>\n\n\t\t<\/div>\n\t<\/div>\n<\/div><\/div><\/div><\/div><div class=\"vc_row wpb_row vc_row-fluid\"><div class=\"wpb_column vc_column_container vc_col-sm-6\"><div class=\"vc_column-inner\"><div class=\"wpb_wrapper\">\n\t<div class=\"wpb_text_column wpb_content_element\" >\n\t\t<div class=\"wpb_wrapper\">\n\t\t\t<h2>Qualit\u00e4tssiegel<\/h2>\n<p>Je\u0161t\u00ec v leto\u0161n\u00edm roce se budeme uch\u00e1zet tak\u00e9 o n\u00ecmeckou zan\u00e8ku kvality \u201eServicequalit\u00e4t Deutschland\u201c.<\/p>\n\n\t\t<\/div>\n\t<\/div>\n<\/div><\/div><\/div><div class=\"wpb_column vc_column_container vc_col-sm-6\"><div class=\"vc_column-inner\"><div class=\"wpb_wrapper\"><div id=\"ts-vcsc-image-gallery-9991112\" class=\"ts-image-gallery-wrapper ts-kraut-lightbox-frame   \" data-style=\"grid\" data-break-parents=\"6\" data-inline=\"false\" style=\"margin-top: 0px; margin-bottom: 0px; position: relative;\"><div id=\"ts-vcsc-image-gallery-9991112-grid\" class=\"ts-lightbox-gallery-grid\"><a style=\"width: 20%; height: 100%; display: inline-block; margin: 0; padding: 0;; display: none;\" id=\"krautgroup9991112-0\" href=\"https:\/\/radlerslust.de\/cz\/wp-content\/uploads\/sites\/2\/2015\/09\/sqd_logo-203x278.jpg\" target=\"_blank\" data-preview=\"https:\/\/radlerslust.de\/cz\/wp-content\/uploads\/sites\/2\/2015\/09\/sqd_logo-203x278.jpg\" data-thumbnail=\"https:\/\/radlerslust.de\/cz\/wp-content\/uploads\/sites\/2\/2015\/09\/sqd_logo-203x278.jpg\" data-include=\"true\" data-hover=\"\" data-alt=\"\" data-title=\"\" data-groups=\"\" class=\"kraut-lightbox-media no-ajaxy ts-hover-image krautgroup9991112 nofancybox\" rel=\"krautgroup9991112\" data-effect=\"random\" data-nohashes=\"true\" data-usecors=\"global\" data-save=\"0\" data-share=\"0\" data-no-lazy=\"1\">#1<\/a><a style=\"width: 20%; height: 100%; display: inline-block; margin: 0; padding: 0;; display: none;\" id=\"krautgroup9991112-1\" href=\"https:\/\/radlerslust.de\/cz\/wp-content\/uploads\/sites\/2\/2015\/09\/2055_580_1_m.jpg\" target=\"_blank\" data-preview=\"https:\/\/radlerslust.de\/cz\/wp-content\/uploads\/sites\/2\/2015\/09\/2055_580_1_m-300x211.jpg\" data-thumbnail=\"https:\/\/radlerslust.de\/cz\/wp-content\/uploads\/sites\/2\/2015\/09\/2055_580_1_m-300x211.jpg\" data-random=\"9991112\" data-include=\"true\" data-hover=\"\" data-alt=\"\" data-title=\"\" data-groups=\"\" class=\"kraut-lightbox-media no-ajaxy ts-hover-image krautgroup9991112 nofancybox\" rel=\"krautgroup9991112\" data-effect=\"random\" data-usecors=\"global\" data-save=\"0\" data-share=\"0\" data-play=\"1\" data-autoplay=\"0\" data-duration=\"5000\" data-thumbsize=\"100\" data-thumbs=\"bottom\"  data-nohashes=\"true\" data-captions=\"true\" data-grid=\"240,480\" data-gridpreloader=\"false\" data-gridspace=\"2\" data-gridorder=\"false\" data-gridfilter=\"true\" data-gridavailable=\"Available Groups\" data-gridselected=\"Filtered Groups\" data-gridnogroups=\"No Groups\" data-gridtoggle=\"Toggle Filter\" data-gridtogglestyle=\"ts-color-button-belize-hole-flat\" data-gridshowall=\"Show All\" data-gridshowallstyle=\"ts-color-button-green-sea-flat\" data-no-lazy=\"1\">#2<\/a><\/div><\/div><\/div><\/div><\/div><\/div><div class=\"vc_row wpb_row vc_row-fluid\"><div class=\"wpb_column vc_column_container vc_col-sm-12\"><div class=\"vc_column-inner\"><div class=\"wpb_wrapper\">\n\t<div class=\"wpb_text_column wpb_content_element\" >\n\t\t<div class=\"wpb_wrapper\">\n\t\t\t<p>Program &#8220;Service Quality N\u011bmecko&#8221; si klade za c\u00edl v turistick\u00fdch za\u0159\u00edzen\u00edch ke zlep\u0161en\u00ed pov\u011bdom\u00ed o kvalit\u011b a tak rozv\u00edjet a chr\u00e1nit kvalitu slu\u017eeb. Certifikovan\u00e9 podnik\u016f pro &#8220;Service Quality Germany&#8221; zavedly \u0159\u00edzen\u00ed kvality v jejich domov\u011b, s c\u00edlem reagovat na p\u0159\u00e1n\u00ed mo\u017en\u00e9 p\u0159\u00edkladnou host\u016f.<br \/>\nV Senftenberg byly certifikov\u00e1ny 20 firem. Spole\u010dn\u011b vyvinula a implementovala \u0161est spole\u010dn\u00fdch norem slu\u017eeb. Tento Senftenberg ji\u017e obdr\u017eela v roce 2011 jako t\u0159et\u00ed m\u011bsto v Braniborsku a jako osm\u00fd m\u011bsto celost\u00e1tn\u00ed nazvan\u00e9 &#8220;Quality City&#8221;. Nyn\u00ed Senftenberg br\u00e1nil tento titul na 3 a v\u00edce let na 03.12.2014.<\/p>\n\n\t\t<\/div>\n\t<\/div>\n<\/div><\/div><\/div><\/div><div class=\"vc_row wpb_row vc_row-fluid vc_custom_1450361857746 vc_row-has-fill\"><div class=\"wpb_column vc_column_container vc_col-sm-8\"><div class=\"vc_column-inner\"><div class=\"wpb_wrapper\">\n\t<div class=\"wpb_text_column wpb_content_element\" >\n\t\t<div class=\"wpb_wrapper\">\n\t\t\t<h2>P\u0159\u00edstupnost<\/h2>\n<p>V\u00edt\u00e1me hosty s n\u00e1mi i s omezen\u00edmi. Proto jsme navrhli n\u011bkter\u00e9 z na\u0161ich apartm\u00e1n\u016f pro hosty s posti\u017een\u00edm. Po vhodn\u00e9m certifikaci, nyn\u00ed m\u016f\u017eeme volat libovoln\u00e9 p\u0159\u00edstupnost n\u00e1s. P\u0159esn\u00e9 informace pro hosty s omezenou pohyblivost\u00ed jsou k dispozici zde: dostupnost Brandenburg &#8211; Ferienhof cyklist\u00e9 p\u0159ej\u00ed.<\/p>\n\n\t\t<\/div>\n\t<\/div>\n<\/div><\/div><\/div><div class=\"wpb_column vc_column_container vc_col-sm-4\"><div class=\"vc_column-inner\"><div class=\"wpb_wrapper\">\n\t<div class=\"wpb_text_column wpb_content_element\" >\n\t\t<div class=\"wpb_wrapper\">\n\t\t\t<p><img loading=\"lazy\" decoding=\"async\" class=\"aligncenter size-full wp-image-629\" src=\"https:\/\/radlerslust.de\/wp-content\/uploads\/2015\/09\/barrierefrei_icons_rolli-1.gif\" alt=\"barrierefrei_icons_rolli\" width=\"119\" height=\"119\" \/><\/p>\n\n\t\t<\/div>\n\t<\/div>\n<\/div><\/div><\/div><\/div><div class=\"vc_row wpb_row vc_row-fluid\"><div class=\"wpb_column vc_column_container vc_col-sm-3\"><div class=\"vc_column-inner\"><div class=\"wpb_wrapper\">\n\t<div  class=\"wpb_single_image wpb_content_element vc_align_left wpb_content_element\">\n\t\t\n\t\t<figure class=\"wpb_wrapper vc_figure\">\n\t\t\t<div class=\"vc_single_image-wrapper   vc_box_border_grey\"><img loading=\"lazy\" decoding=\"async\" width=\"654\" height=\"654\" src=\"https:\/\/radlerslust.de\/cz\/wp-content\/uploads\/sites\/2\/2020\/07\/Signet_Familienfreundlichkeit_Familienfreundlich_800px_RGB.png\" class=\"vc_single_image-img attachment-large\" alt=\"\" title=\"Signet_Familienfreundlichkeit_Familienfreundlich_800px_RGB\" srcset=\"https:\/\/radlerslust.de\/cz\/wp-content\/uploads\/sites\/2\/2020\/07\/Signet_Familienfreundlichkeit_Familienfreundlich_800px_RGB.png 800w, https:\/\/radlerslust.de\/cz\/wp-content\/uploads\/sites\/2\/2020\/07\/Signet_Familienfreundlichkeit_Familienfreundlich_800px_RGB-300x300.png 300w, https:\/\/radlerslust.de\/cz\/wp-content\/uploads\/sites\/2\/2020\/07\/Signet_Familienfreundlichkeit_Familienfreundlich_800px_RGB-150x150.png 150w, https:\/\/radlerslust.de\/cz\/wp-content\/uploads\/sites\/2\/2020\/07\/Signet_Familienfreundlichkeit_Familienfreundlich_800px_RGB-768x768.png 768w, https:\/\/radlerslust.de\/cz\/wp-content\/uploads\/sites\/2\/2020\/07\/Signet_Familienfreundlichkeit_Familienfreundlich_800px_RGB-1x1.png 1w\" sizes=\"auto, (max-width: 654px) 100vw, 654px\" \/><\/div>\n\t\t<\/figure>\n\t<\/div>\n<\/div><\/div><\/div><div class=\"wpb_column vc_column_container vc_col-sm-9\"><div class=\"vc_column-inner\"><div class=\"wpb_wrapper\">\n\t<div class=\"wpb_text_column wpb_content_element\" >\n\t\t<div class=\"wpb_wrapper\">\n\t\t\t<p>Nyn\u00ed nejen na\u0161i host\u00e9 v\u011bd\u00ed, \u017ee se obzvl\u00e1\u0161\u0165 t\u011b\u0161\u00edme na rodiny. Potvrdilo to tak\u00e9 sdru\u017een\u00ed Lusatian Lakeland Tourism Association: Kvalifikovali jsme se na cenu \u201epro rodiny s d\u011btmi\u201c.<\/p>\n<p>Pouze spole\u010dnosti, kter\u00e9 \u00fasp\u011b\u0161n\u011b pro\u0161ly pr\u016fzkumem Asociace cestovn\u00edho ruchu Lausitzer Seenland nebo region\u00e1ln\u00ed turistick\u00e9 informace v Lausitzer Seenland a kter\u00e9 spl\u0148uj\u00ed celorepublikov\u00e1 krit\u00e9ria pro p\u0159\u00e1telstv\u00ed rodiny, mohou pou\u017e\u00edvat logo \u201ePro rodiny s d\u011btmi v Lausitzer Seenland\u201c.<\/p>\n\n\t\t<\/div>\n\t<\/div>\n<\/div><\/div><\/div><\/div><div class=\"vc_row wpb_row vc_row-fluid vc_custom_1594134908395 vc_row-has-fill\"><div class=\"wpb_column vc_column_container vc_col-sm-12\"><div class=\"vc_column-inner\"><div class=\"wpb_wrapper\">\n\t<div class=\"wpb_text_column wpb_content_element\" >\n\t\t<div class=\"wpb_wrapper\">\n\t\t\t<p>S ohledem na <strong>certifikaci \u00e8ty\u00f8mi hv\u00eczdi\u00e8kami kvality a certifik\u00e1t Bett &amp; Bike<\/strong> nab\u00edz\u00edme:<\/p>\n<ul>\n<li>vlastn\u00ed p\u00f9j\u00e8ovnu kol,<\/li>\n<li>zdravou a plnohodnotnou sn\u00eddani a na popt\u00e1vku tak\u00e9 ob\u00ecdov\u00e9 bal\u00ed\u00e8ky,<\/li>\n<li>ubytov\u00e1n\u00ed cyklist\u00f9 i na jednu noc,<\/li>\n<li>zabezpe\u00e8enou m\u00edstnost pro kola,<\/li>\n<li>su\u0161\u00e1rku &#8211; pokud by v\u00e1s ne\u00e8ekan\u00ec p\u00f8ekvapil d\u00e9\u0161 (mo\u017en\u00e9 je po domluv\u00ec vyu\u017e\u00edt tak\u00e9 zdej\u0161\u00ed su\u0161i\u00e8ku)<\/li>\n<li>informace o region\u00e1ln\u00edch cyklostezk\u00e1ch,<\/li>\n<li>mo\u017enost prov\u00e1d\u00ecn\u00ed drobn\u00ecj\u0161\u00edch oprav na kolech,<\/li>\n<li>zaji\u0161t\u00ecn\u00ed transfer\u00f9,<\/li>\n<li>transfer zavazadel z posledn\u00edho a\/nebo do posledn\u00edho m\u00edsta ubytov\u00e1n\u00ed<\/li>\n<\/ul>\n\n\t\t<\/div>\n\t<\/div>\n<\/div><\/div><\/div><\/div>\n<p>&nbsp;<\/p>\n<\/div>","protected":false},"excerpt":{"rendered":"<p>&nbsp;<\/p>\n","protected":false},"author":1,"featured_media":0,"parent":0,"menu_order":0,"comment_status":"closed","ping_status":"closed","template":"","meta":{"footnotes":""},"class_list":["post-44","page","type-page","status-publish","hentry"],"_links":{"self":[{"href":"https:\/\/radlerslust.de\/cz\/wp-json\/wp\/v2\/pages\/44","targetHints":{"allow":["GET"]}}],"collection":[{"href":"https:\/\/radlerslust.de\/cz\/wp-json\/wp\/v2\/pages"}],"about":[{"href":"https:\/\/radlerslust.de\/cz\/wp-json\/wp\/v2\/types\/page"}],"author":[{"embeddable":true,"href":"https:\/\/radlerslust.de\/cz\/wp-json\/wp\/v2\/users\/1"}],"replies":[{"embeddable":true,"href":"https:\/\/radlerslust.de\/cz\/wp-json\/wp\/v2\/comments?post=44"}],"version-history":[{"count":8,"href":"https:\/\/radlerslust.de\/cz\/wp-json\/wp\/v2\/pages\/44\/revisions"}],"predecessor-version":[{"id":931,"href":"https:\/\/radlerslust.de\/cz\/wp-json\/wp\/v2\/pages\/44\/revisions\/931"}],"wp:attachment":[{"href":"https:\/\/radlerslust.de\/cz\/wp-json\/wp\/v2\/media?parent=44"}],"curies":[{"name":"wp","href":"https:\/\/api.w.org\/{rel}","templated":true}]}}