{"id":43,"date":"2015-09-12T10:57:54","date_gmt":"2015-09-12T08:57:54","guid":{"rendered":"https:\/\/radlerslust.de\/cz\/?page_id=43"},"modified":"2015-12-17T14:52:37","modified_gmt":"2015-12-17T13:52:37","slug":"o-nas","status":"publish","type":"page","link":"https:\/\/radlerslust.de\/cz\/o-nas\/","title":{"rendered":"O n\u00e1s"},"content":{"rendered":"<div class=\"wpb-content-wrapper\"><div class=\"vc_row wpb_row vc_row-fluid\"><div class=\"wpb_column vc_column_container vc_col-sm-12\"><div class=\"vc_column-inner\"><div class=\"wpb_wrapper\">\n\t<div class=\"wpb_text_column wpb_content_element\" >\n\t\t<div class=\"wpb_wrapper\">\n\t\t\t<h2>Srde\u010dn\u011b v\u00edtejte na internetov\u00fdch str\u00e1nk\u00e1ch na\u0161eho pr\u00e1zdninov\u00e9ho statku.<\/h2>\n\n\t\t<\/div>\n\t<\/div>\n<\/div><\/div><\/div><\/div><div class=\"vc_row wpb_row vc_row-fluid\"><div class=\"wpb_column vc_column_container vc_col-sm-12\"><div class=\"vc_column-inner\"><div class=\"wpb_wrapper\">\n\t<div class=\"wpb_text_column wpb_content_element\" >\n\t\t<div class=\"wpb_wrapper\">\n\t\t\t<p>V Gro\u00dfkoschenu, v srdci Lu\u017eick\u00e9 jezern\u00ed krajiny, naleznete v\u0161e, co pot\u0159ebujete pro svou aktivn\u00ed dovolenou. V poklidn\u00e9m vesnick\u00e9m prost\u0159ed\u00ed v\u00e1m nab\u00edz\u00edme 16 komfortn\u011b za\u0159\u00edzen\u00fdch pr\u00e1zdninov\u00fdch byt\u016f s malebnou atmosf\u00e9rou v bezprost\u0159edn\u00ed bl\u00edzkosti jezera Senftenberger See. Ve dvou, s malou rodinou nebo ve v\u011bt\u0161\u00edm po\u010dtu \u2013 pro ka\u017ed\u00e9ho z v\u00e1s m\u00e1me odpov\u00eddaj\u00edc\u00ed ubytov\u00e1n\u00ed. U\u017e\u00edvejte si dovolenou na vod\u011b a kolem vody a vyu\u017eijte tak\u00e9 velmi kvalitn\u00ed s\u00edt\u011b cyklostezek, kter\u00e9 se nach\u00e1zej\u00ed v bl\u00edzkosti na\u0161eho ubytovac\u00edho za\u0159\u00edzen\u00ed.<\/p>\n<p>Pokud s sebou nem\u00e1te \u017e\u00e1dn\u00e9 kolo, najdete to spr\u00e1vn\u00e9 v na\u0161\u00ed dom\u00e1c\u00ed p\u016fj\u010dovn\u011b. Tak\u00e9 bez vlastn\u00edho kola se u n\u00e1s p\u0159em\u00edst\u00edte z m\u00edsta na m\u00edsto \u2013 p\u0159evezeme v\u00e1s nebo va\u0161e zavazadlo.<\/p>\n<p>D\u00edv\u00e1te se po n\u011bjak\u00e9 p\u0159\u00edjemn\u00e9 zast\u00e1vce na va\u0161\u00ed cest\u011b, nebo si r\u00e1di pochutn\u00e1te na v\u00fdborn\u00e9 sn\u00eddani \u2013 pak jste u n\u00e1s na spr\u00e1vn\u00e9m m\u00edst\u011b. N\u00e1\u0161 t\u00fdm se t\u011b\u0161\u00ed na va\u0161i n\u00e1v\u0161t\u011bvu a velmi r\u00e1d v\u00e1m poskytne individu\u00e1ln\u00ed pomoc p\u0159i pl\u00e1nov\u00e1n\u00ed va\u0161\u00ed dovolen\u00e9.<\/p>\n\n\t\t<\/div>\n\t<\/div>\n<\/div><\/div><\/div><\/div><div class=\"vc_row wpb_row vc_row-fluid\"><div class=\"wpb_column vc_column_container vc_col-sm-12\"><div class=\"vc_column-inner\"><div class=\"wpb_wrapper\"><div id=\"ts-vcsc-image-gallery-9347065\" class=\"ts-image-gallery-wrapper ts-kraut-lightbox-frame   \" data-style=\"grid\" data-break-parents=\"6\" data-inline=\"false\" style=\"margin-top: 0px; margin-bottom: 0px; position: relative;\"><div id=\"ts-vcsc-image-gallery-9347065-grid\" class=\"ts-lightbox-gallery-grid\"><a style=\"width: 20%; height: 100%; display: inline-block; margin: 0; padding: 0;; display: none;\" id=\"krautgroup9347065-0\" href=\"https:\/\/radlerslust.de\/cz\/wp-content\/uploads\/sites\/2\/2015\/12\/001.jpg\" target=\"_blank\" data-preview=\"https:\/\/radlerslust.de\/cz\/wp-content\/uploads\/sites\/2\/2015\/12\/001-300x205.jpg\" data-thumbnail=\"https:\/\/radlerslust.de\/cz\/wp-content\/uploads\/sites\/2\/2015\/12\/001-300x205.jpg\" data-include=\"true\" data-hover=\"\" data-alt=\"\" data-title=\"\" data-groups=\"\" class=\"kraut-lightbox-media no-ajaxy ts-hover-image krautgroup9347065 nofancybox\" rel=\"krautgroup9347065\" data-effect=\"random\" data-nohashes=\"true\" data-usecors=\"global\" data-save=\"0\" data-share=\"0\" data-no-lazy=\"1\">#1<\/a><a style=\"width: 20%; height: 100%; display: inline-block; margin: 0; padding: 0;; display: none;\" id=\"krautgroup9347065-1\" href=\"https:\/\/radlerslust.de\/cz\/wp-content\/uploads\/sites\/2\/2015\/12\/002.jpg\" target=\"_blank\" data-preview=\"https:\/\/radlerslust.de\/cz\/wp-content\/uploads\/sites\/2\/2015\/12\/002-300x205.jpg\" data-thumbnail=\"https:\/\/radlerslust.de\/cz\/wp-content\/uploads\/sites\/2\/2015\/12\/002-300x205.jpg\" data-include=\"true\" data-hover=\"\" data-alt=\"\" data-title=\"\" data-groups=\"\" class=\"kraut-lightbox-media no-ajaxy ts-hover-image krautgroup9347065 nofancybox\" rel=\"krautgroup9347065\" data-effect=\"random\" data-nohashes=\"true\" data-usecors=\"global\" data-save=\"0\" data-share=\"0\" data-no-lazy=\"1\">#2<\/a><a style=\"width: 20%; height: 100%; display: inline-block; margin: 0; padding: 0;; display: none;\" id=\"krautgroup9347065-2\" href=\"https:\/\/radlerslust.de\/cz\/wp-content\/uploads\/sites\/2\/2015\/09\/aussen1-korrigiert.jpg\" target=\"_blank\" data-preview=\"https:\/\/radlerslust.de\/cz\/wp-content\/uploads\/sites\/2\/2015\/09\/aussen1-korrigiert-300x225.jpg\" data-thumbnail=\"https:\/\/radlerslust.de\/cz\/wp-content\/uploads\/sites\/2\/2015\/09\/aussen1-korrigiert-300x225.jpg\" data-include=\"true\" data-hover=\"\" data-alt=\"\" data-title=\"\" data-groups=\"\" class=\"kraut-lightbox-media no-ajaxy ts-hover-image krautgroup9347065 nofancybox\" rel=\"krautgroup9347065\" data-effect=\"random\" data-nohashes=\"true\" data-usecors=\"global\" data-save=\"0\" data-share=\"0\" data-no-lazy=\"1\">#3<\/a><a style=\"width: 20%; height: 100%; display: inline-block; margin: 0; padding: 0;; display: none;\" id=\"krautgroup9347065-3\" href=\"https:\/\/radlerslust.de\/cz\/wp-content\/uploads\/sites\/2\/2015\/09\/aussen2-1.jpg\" target=\"_blank\" data-preview=\"https:\/\/radlerslust.de\/cz\/wp-content\/uploads\/sites\/2\/2015\/09\/aussen2-1-300x225.jpg\" data-thumbnail=\"https:\/\/radlerslust.de\/cz\/wp-content\/uploads\/sites\/2\/2015\/09\/aussen2-1-300x225.jpg\" data-include=\"true\" data-hover=\"\" data-alt=\"\" data-title=\"\" data-groups=\"\" class=\"kraut-lightbox-media no-ajaxy ts-hover-image krautgroup9347065 nofancybox\" rel=\"krautgroup9347065\" data-effect=\"random\" data-nohashes=\"true\" data-usecors=\"global\" data-save=\"0\" data-share=\"0\" data-no-lazy=\"1\">#4<\/a><a style=\"width: 20%; height: 100%; display: inline-block; margin: 0; padding: 0;; display: none;\" id=\"krautgroup9347065-4\" href=\"https:\/\/radlerslust.de\/cz\/wp-content\/uploads\/sites\/2\/2015\/09\/P6267556-1.jpg\" target=\"_blank\" data-preview=\"https:\/\/radlerslust.de\/cz\/wp-content\/uploads\/sites\/2\/2015\/09\/P6267556-1-300x225.jpg\" data-thumbnail=\"https:\/\/radlerslust.de\/cz\/wp-content\/uploads\/sites\/2\/2015\/09\/P6267556-1-300x225.jpg\" data-include=\"true\" data-hover=\"\" data-alt=\"\" data-title=\"\" data-groups=\"\" class=\"kraut-lightbox-media no-ajaxy ts-hover-image krautgroup9347065 nofancybox\" rel=\"krautgroup9347065\" data-effect=\"random\" data-nohashes=\"true\" data-usecors=\"global\" data-save=\"0\" data-share=\"0\" data-no-lazy=\"1\">#5<\/a><a style=\"width: 20%; height: 100%; display: inline-block; margin: 0; padding: 0;; display: none;\" id=\"krautgroup9347065-5\" href=\"https:\/\/radlerslust.de\/cz\/wp-content\/uploads\/sites\/2\/2015\/09\/P6267589-1.jpg\" target=\"_blank\" data-preview=\"https:\/\/radlerslust.de\/cz\/wp-content\/uploads\/sites\/2\/2015\/09\/P6267589-1-300x225.jpg\" data-thumbnail=\"https:\/\/radlerslust.de\/cz\/wp-content\/uploads\/sites\/2\/2015\/09\/P6267589-1-300x225.jpg\" data-include=\"true\" data-hover=\"\" data-alt=\"\" data-title=\"\" data-groups=\"\" class=\"kraut-lightbox-media no-ajaxy ts-hover-image krautgroup9347065 nofancybox\" rel=\"krautgroup9347065\" data-effect=\"random\" data-nohashes=\"true\" data-usecors=\"global\" data-save=\"0\" data-share=\"0\" data-no-lazy=\"1\">#6<\/a><a style=\"width: 20%; height: 100%; display: inline-block; margin: 0; padding: 0;; display: none;\" id=\"krautgroup9347065-6\" href=\"https:\/\/radlerslust.de\/cz\/wp-content\/uploads\/sites\/2\/2015\/09\/P8067973-1.jpg\" target=\"_blank\" data-preview=\"https:\/\/radlerslust.de\/cz\/wp-content\/uploads\/sites\/2\/2015\/09\/P8067973-1-300x225.jpg\" data-thumbnail=\"https:\/\/radlerslust.de\/cz\/wp-content\/uploads\/sites\/2\/2015\/09\/P8067973-1-300x225.jpg\" data-include=\"true\" data-hover=\"\" data-alt=\"\" data-title=\"\" data-groups=\"\" class=\"kraut-lightbox-media no-ajaxy ts-hover-image krautgroup9347065 nofancybox\" rel=\"krautgroup9347065\" data-effect=\"random\" data-nohashes=\"true\" data-usecors=\"global\" data-save=\"0\" data-share=\"0\" data-no-lazy=\"1\">#7<\/a><a style=\"width: 20%; height: 100%; display: inline-block; margin: 0; padding: 0;; display: none;\" id=\"krautgroup9347065-7\" href=\"https:\/\/radlerslust.de\/cz\/wp-content\/uploads\/sites\/2\/2015\/09\/P8067969-1.jpg\" target=\"_blank\" data-preview=\"https:\/\/radlerslust.de\/cz\/wp-content\/uploads\/sites\/2\/2015\/09\/P8067969-1-300x225.jpg\" data-thumbnail=\"https:\/\/radlerslust.de\/cz\/wp-content\/uploads\/sites\/2\/2015\/09\/P8067969-1-300x225.jpg\" data-include=\"true\" data-hover=\"\" data-alt=\"\" data-title=\"\" data-groups=\"\" class=\"kraut-lightbox-media no-ajaxy ts-hover-image krautgroup9347065 nofancybox\" rel=\"krautgroup9347065\" data-effect=\"random\" data-nohashes=\"true\" data-usecors=\"global\" data-save=\"0\" data-share=\"0\" data-no-lazy=\"1\">#8<\/a><a style=\"width: 20%; height: 100%; display: inline-block; margin: 0; padding: 0;; display: none;\" id=\"krautgroup9347065-8\" href=\"https:\/\/radlerslust.de\/cz\/wp-content\/uploads\/sites\/2\/2015\/09\/P8067967-1.jpg\" target=\"_blank\" data-preview=\"https:\/\/radlerslust.de\/cz\/wp-content\/uploads\/sites\/2\/2015\/09\/P8067967-1-300x225.jpg\" data-thumbnail=\"https:\/\/radlerslust.de\/cz\/wp-content\/uploads\/sites\/2\/2015\/09\/P8067967-1-300x225.jpg\" data-include=\"true\" data-hover=\"\" data-alt=\"\" data-title=\"\" data-groups=\"\" class=\"kraut-lightbox-media no-ajaxy ts-hover-image krautgroup9347065 nofancybox\" rel=\"krautgroup9347065\" data-effect=\"random\" data-nohashes=\"true\" data-usecors=\"global\" data-save=\"0\" data-share=\"0\" data-no-lazy=\"1\">#9<\/a><a style=\"width: 20%; height: 100%; display: inline-block; margin: 0; padding: 0;; display: none;\" id=\"krautgroup9347065-9\" href=\"https:\/\/radlerslust.de\/cz\/wp-content\/uploads\/sites\/2\/2015\/09\/P8067922-1.jpg\" target=\"_blank\" data-preview=\"https:\/\/radlerslust.de\/cz\/wp-content\/uploads\/sites\/2\/2015\/09\/P8067922-1-300x225.jpg\" data-thumbnail=\"https:\/\/radlerslust.de\/cz\/wp-content\/uploads\/sites\/2\/2015\/09\/P8067922-1-300x225.jpg\" data-include=\"true\" data-hover=\"\" data-alt=\"\" data-title=\"\" data-groups=\"\" class=\"kraut-lightbox-media no-ajaxy ts-hover-image krautgroup9347065 nofancybox\" rel=\"krautgroup9347065\" data-effect=\"random\" data-nohashes=\"true\" data-usecors=\"global\" data-save=\"0\" data-share=\"0\" data-no-lazy=\"1\">#10<\/a><a style=\"width: 20%; height: 100%; display: inline-block; margin: 0; padding: 0;; display: none;\" id=\"krautgroup9347065-10\" href=\"https:\/\/radlerslust.de\/cz\/wp-content\/uploads\/sites\/2\/2015\/09\/P6267618.jpg\" target=\"_blank\" data-preview=\"https:\/\/radlerslust.de\/cz\/wp-content\/uploads\/sites\/2\/2015\/09\/P6267618-300x225.jpg\" data-thumbnail=\"https:\/\/radlerslust.de\/cz\/wp-content\/uploads\/sites\/2\/2015\/09\/P6267618-300x225.jpg\" data-include=\"true\" data-hover=\"\" data-alt=\"\" data-title=\"\" data-groups=\"\" class=\"kraut-lightbox-media no-ajaxy ts-hover-image krautgroup9347065 nofancybox\" rel=\"krautgroup9347065\" data-effect=\"random\" data-nohashes=\"true\" data-usecors=\"global\" data-save=\"0\" data-share=\"0\" data-no-lazy=\"1\">#11<\/a><a style=\"width: 20%; height: 100%; display: inline-block; margin: 0; padding: 0;; display: none;\" id=\"krautgroup9347065-11\" href=\"https:\/\/radlerslust.de\/cz\/wp-content\/uploads\/sites\/2\/2015\/09\/P6267598.jpg\" target=\"_blank\" data-preview=\"https:\/\/radlerslust.de\/cz\/wp-content\/uploads\/sites\/2\/2015\/09\/P6267598-300x225.jpg\" data-thumbnail=\"https:\/\/radlerslust.de\/cz\/wp-content\/uploads\/sites\/2\/2015\/09\/P6267598-300x225.jpg\" data-include=\"true\" data-hover=\"\" data-alt=\"\" data-title=\"\" data-groups=\"\" class=\"kraut-lightbox-media no-ajaxy ts-hover-image krautgroup9347065 nofancybox\" rel=\"krautgroup9347065\" data-effect=\"random\" data-nohashes=\"true\" data-usecors=\"global\" data-save=\"0\" data-share=\"0\" data-no-lazy=\"1\">#12<\/a><a style=\"width: 20%; height: 100%; display: inline-block; margin: 0; padding: 0;; display: none;\" id=\"krautgroup9347065-12\" href=\"https:\/\/radlerslust.de\/cz\/wp-content\/uploads\/sites\/2\/2015\/09\/P6267592.jpg\" target=\"_blank\" data-preview=\"https:\/\/radlerslust.de\/cz\/wp-content\/uploads\/sites\/2\/2015\/09\/P6267592-300x225.jpg\" data-thumbnail=\"https:\/\/radlerslust.de\/cz\/wp-content\/uploads\/sites\/2\/2015\/09\/P6267592-300x225.jpg\" data-random=\"9347065\" data-include=\"true\" data-hover=\"\" data-alt=\"\" data-title=\"\" data-groups=\"\" class=\"kraut-lightbox-media no-ajaxy ts-hover-image krautgroup9347065 nofancybox\" rel=\"krautgroup9347065\" data-effect=\"random\" data-usecors=\"global\" data-save=\"0\" data-share=\"0\" data-play=\"1\" data-autoplay=\"0\" data-duration=\"5000\" data-thumbsize=\"100\" data-thumbs=\"bottom\"  data-nohashes=\"true\" data-captions=\"true\" data-grid=\"240,480,720,960\" data-gridpreloader=\"false\" data-gridspace=\"2\" data-gridorder=\"false\" data-gridfilter=\"true\" data-gridavailable=\"Available Groups\" data-gridselected=\"Filtered Groups\" data-gridnogroups=\"No Groups\" data-gridtoggle=\"Toggle Filter\" data-gridtogglestyle=\"ts-color-button-belize-hole-flat\" data-gridshowall=\"Show All\" data-gridshowallstyle=\"ts-color-button-green-sea-flat\" data-no-lazy=\"1\">#13<\/a><\/div><\/div><\/div><\/div><\/div><\/div>\n<\/div>","protected":false},"excerpt":{"rendered":"Srde\u010dn\u011b v\u00edtejte na internetov\u00fdch str\u00e1nk\u00e1ch na\u0161eho pr\u00e1zdninov\u00e9ho statku. V Gro\u00dfkoschenu, v srdci Lu\u017eick\u00e9 jezern\u00ed krajiny, naleznete v\u0161e, co pot\u0159ebujete pro svou aktivn\u00ed dovolenou. V poklidn\u00e9m vesnick\u00e9m prost\u0159ed\u00ed v\u00e1m nab\u00edz\u00edme 16 komfortn\u011b za\u0159\u00edzen\u00fdch pr\u00e1zdninov\u00fdch byt\u016f s malebnou atmosf\u00e9rou v bezprost\u0159edn\u00ed bl\u00edzkosti jezera Senftenberger See. Ve dvou, s malou rodinou nebo ve v\u011bt\u0161\u00edm po\u010dtu \u2013 pro ka\u017ed\u00e9ho...","protected":false},"author":1,"featured_media":0,"parent":0,"menu_order":0,"comment_status":"closed","ping_status":"closed","template":"","meta":{"footnotes":""},"class_list":["post-43","page","type-page","status-publish","hentry"],"_links":{"self":[{"href":"https:\/\/radlerslust.de\/cz\/wp-json\/wp\/v2\/pages\/43","targetHints":{"allow":["GET"]}}],"collection":[{"href":"https:\/\/radlerslust.de\/cz\/wp-json\/wp\/v2\/pages"}],"about":[{"href":"https:\/\/radlerslust.de\/cz\/wp-json\/wp\/v2\/types\/page"}],"author":[{"embeddable":true,"href":"https:\/\/radlerslust.de\/cz\/wp-json\/wp\/v2\/users\/1"}],"replies":[{"embeddable":true,"href":"https:\/\/radlerslust.de\/cz\/wp-json\/wp\/v2\/comments?post=43"}],"version-history":[{"count":6,"href":"https:\/\/radlerslust.de\/cz\/wp-json\/wp\/v2\/pages\/43\/revisions"}],"predecessor-version":[{"id":478,"href":"https:\/\/radlerslust.de\/cz\/wp-json\/wp\/v2\/pages\/43\/revisions\/478"}],"wp:attachment":[{"href":"https:\/\/radlerslust.de\/cz\/wp-json\/wp\/v2\/media?parent=43"}],"curies":[{"name":"wp","href":"https:\/\/api.w.org\/{rel}","templated":true}]}}