{"id":311,"date":"2015-12-14T14:24:37","date_gmt":"2015-12-14T13:24:37","guid":{"rendered":"https:\/\/radlerslust.de\/cz\/?page_id=311"},"modified":"2016-05-16T18:21:29","modified_gmt":"2016-05-16T16:21:29","slug":"byt-9-2","status":"publish","type":"page","link":"https:\/\/radlerslust.de\/cz\/byt-9-2\/","title":{"rendered":"Byty do 6 (+1) osob"},"content":{"rendered":"<div class=\"wpb-content-wrapper\"><div class=\"vc_row wpb_row vc_row-fluid\"><div class=\"wpb_column vc_column_container vc_col-sm-12\"><div class=\"vc_column-inner\"><div class=\"wpb_wrapper\">\n\t<div class=\"wpb_text_column wpb_content_element\" >\n\t\t<div class=\"wpb_wrapper\">\n\t\t\t<h2>Byty do 6 (+1) osob<\/h2>\n\n\t\t<\/div>\n\t<\/div>\n<\/div><\/div><\/div><\/div><div class=\"vc_row wpb_row vc_row-fluid\"><div class=\"wpb_column vc_column_container vc_col-sm-12\"><div class=\"vc_column-inner\"><div class=\"wpb_wrapper\">\n\t<div class=\"wpb_text_column wpb_content_element\" >\n\t\t<div class=\"wpb_wrapper\">\n\t\t\t<ul>\n<li>Po\u00e8et ososb: 6 osoby, 1 mo\u017enost p\u0159ist\u00fdlky<\/li>\n<li>Velikost: ca. 105 m\u00b2<\/li>\n<\/ul>\n\n\t\t<\/div>\n\t<\/div>\n<\/div><\/div><\/div><\/div><div class=\"vc_row wpb_row vc_row-fluid\"><div class=\"wpb_column vc_column_container vc_col-sm-12\"><div class=\"vc_column-inner\"><div class=\"wpb_wrapper\"><div id=\"ts-vcsc-image-gallery-2915504\" class=\"ts-image-gallery-wrapper ts-kraut-lightbox-frame   \" data-style=\"grid\" data-break-parents=\"6\" data-inline=\"false\" style=\"margin-top: 0px; margin-bottom: 0px; position: relative;\"><div id=\"ts-vcsc-image-gallery-2915504-grid\" class=\"ts-lightbox-gallery-grid\"><a style=\"width: 20%; height: 100%; display: inline-block; margin: 0; padding: 0;; display: none;\" id=\"krautgroup2915504-0\" href=\"https:\/\/radlerslust.de\/cz\/wp-content\/uploads\/sites\/2\/2015\/12\/P6267548.jpg\" target=\"_blank\" data-preview=\"https:\/\/radlerslust.de\/cz\/wp-content\/uploads\/sites\/2\/2015\/12\/P6267548-300x225.jpg\" data-thumbnail=\"https:\/\/radlerslust.de\/cz\/wp-content\/uploads\/sites\/2\/2015\/12\/P6267548-300x225.jpg\" data-include=\"true\" data-hover=\"\" data-alt=\"\" data-title=\"\" data-groups=\"\" class=\"kraut-lightbox-media no-ajaxy ts-hover-image krautgroup2915504 nofancybox\" rel=\"krautgroup2915504\" data-effect=\"random\" data-nohashes=\"true\" data-usecors=\"global\" data-save=\"0\" data-share=\"0\" data-no-lazy=\"1\">#1<\/a><a style=\"width: 20%; height: 100%; display: inline-block; margin: 0; padding: 0;; display: none;\" id=\"krautgroup2915504-1\" href=\"https:\/\/radlerslust.de\/cz\/wp-content\/uploads\/sites\/2\/2015\/12\/P6267549.jpg\" target=\"_blank\" data-preview=\"https:\/\/radlerslust.de\/cz\/wp-content\/uploads\/sites\/2\/2015\/12\/P6267549-300x225.jpg\" data-thumbnail=\"https:\/\/radlerslust.de\/cz\/wp-content\/uploads\/sites\/2\/2015\/12\/P6267549-300x225.jpg\" data-include=\"true\" data-hover=\"\" data-alt=\"\" data-title=\"\" data-groups=\"\" class=\"kraut-lightbox-media no-ajaxy ts-hover-image krautgroup2915504 nofancybox\" rel=\"krautgroup2915504\" data-effect=\"random\" data-nohashes=\"true\" data-usecors=\"global\" data-save=\"0\" data-share=\"0\" data-no-lazy=\"1\">#2<\/a><a style=\"width: 20%; height: 100%; display: inline-block; margin: 0; padding: 0;; display: none;\" id=\"krautgroup2915504-2\" href=\"https:\/\/radlerslust.de\/cz\/wp-content\/uploads\/sites\/2\/2015\/12\/P6267554.jpg\" target=\"_blank\" data-preview=\"https:\/\/radlerslust.de\/cz\/wp-content\/uploads\/sites\/2\/2015\/12\/P6267554-300x225.jpg\" data-thumbnail=\"https:\/\/radlerslust.de\/cz\/wp-content\/uploads\/sites\/2\/2015\/12\/P6267554-300x225.jpg\" data-include=\"true\" data-hover=\"\" data-alt=\"\" data-title=\"\" data-groups=\"\" class=\"kraut-lightbox-media no-ajaxy ts-hover-image krautgroup2915504 nofancybox\" rel=\"krautgroup2915504\" data-effect=\"random\" data-nohashes=\"true\" data-usecors=\"global\" data-save=\"0\" data-share=\"0\" data-no-lazy=\"1\">#3<\/a><a style=\"width: 20%; height: 100%; display: inline-block; margin: 0; padding: 0;; display: none;\" id=\"krautgroup2915504-3\" href=\"https:\/\/radlerslust.de\/cz\/wp-content\/uploads\/sites\/2\/2015\/12\/P6267555.jpg\" target=\"_blank\" data-preview=\"https:\/\/radlerslust.de\/cz\/wp-content\/uploads\/sites\/2\/2015\/12\/P6267555-300x225.jpg\" data-thumbnail=\"https:\/\/radlerslust.de\/cz\/wp-content\/uploads\/sites\/2\/2015\/12\/P6267555-300x225.jpg\" data-include=\"true\" data-hover=\"\" data-alt=\"\" data-title=\"\" data-groups=\"\" class=\"kraut-lightbox-media no-ajaxy ts-hover-image krautgroup2915504 nofancybox\" rel=\"krautgroup2915504\" data-effect=\"random\" data-nohashes=\"true\" data-usecors=\"global\" data-save=\"0\" data-share=\"0\" data-no-lazy=\"1\">#4<\/a><a style=\"width: 20%; height: 100%; display: inline-block; margin: 0; padding: 0;; display: none;\" id=\"krautgroup2915504-4\" href=\"https:\/\/radlerslust.de\/cz\/wp-content\/uploads\/sites\/2\/2015\/12\/P6267563.jpg\" target=\"_blank\" data-preview=\"https:\/\/radlerslust.de\/cz\/wp-content\/uploads\/sites\/2\/2015\/12\/P6267563-300x225.jpg\" data-thumbnail=\"https:\/\/radlerslust.de\/cz\/wp-content\/uploads\/sites\/2\/2015\/12\/P6267563-300x225.jpg\" data-include=\"true\" data-hover=\"\" data-alt=\"\" data-title=\"\" data-groups=\"\" class=\"kraut-lightbox-media no-ajaxy ts-hover-image krautgroup2915504 nofancybox\" rel=\"krautgroup2915504\" data-effect=\"random\" data-nohashes=\"true\" data-usecors=\"global\" data-save=\"0\" data-share=\"0\" data-no-lazy=\"1\">#5<\/a><a style=\"width: 20%; height: 100%; display: inline-block; margin: 0; padding: 0;; display: none;\" id=\"krautgroup2915504-5\" href=\"https:\/\/radlerslust.de\/cz\/wp-content\/uploads\/sites\/2\/2015\/12\/P6267564.jpg\" target=\"_blank\" data-preview=\"https:\/\/radlerslust.de\/cz\/wp-content\/uploads\/sites\/2\/2015\/12\/P6267564-300x225.jpg\" data-thumbnail=\"https:\/\/radlerslust.de\/cz\/wp-content\/uploads\/sites\/2\/2015\/12\/P6267564-300x225.jpg\" data-include=\"true\" data-hover=\"\" data-alt=\"\" data-title=\"\" data-groups=\"\" class=\"kraut-lightbox-media no-ajaxy ts-hover-image krautgroup2915504 nofancybox\" rel=\"krautgroup2915504\" data-effect=\"random\" data-nohashes=\"true\" data-usecors=\"global\" data-save=\"0\" data-share=\"0\" data-no-lazy=\"1\">#6<\/a><a style=\"width: 20%; height: 100%; display: inline-block; margin: 0; padding: 0;; display: none;\" id=\"krautgroup2915504-6\" href=\"https:\/\/radlerslust.de\/cz\/wp-content\/uploads\/sites\/2\/2015\/12\/P6267577.jpg\" target=\"_blank\" data-preview=\"https:\/\/radlerslust.de\/cz\/wp-content\/uploads\/sites\/2\/2015\/12\/P6267577-300x225.jpg\" data-thumbnail=\"https:\/\/radlerslust.de\/cz\/wp-content\/uploads\/sites\/2\/2015\/12\/P6267577-300x225.jpg\" data-include=\"true\" data-hover=\"\" data-alt=\"\" data-title=\"\" data-groups=\"\" class=\"kraut-lightbox-media no-ajaxy ts-hover-image krautgroup2915504 nofancybox\" rel=\"krautgroup2915504\" data-effect=\"random\" data-nohashes=\"true\" data-usecors=\"global\" data-save=\"0\" data-share=\"0\" data-no-lazy=\"1\">#7<\/a><a style=\"width: 20%; height: 100%; display: inline-block; margin: 0; padding: 0;; display: none;\" id=\"krautgroup2915504-7\" href=\"https:\/\/radlerslust.de\/cz\/wp-content\/uploads\/sites\/2\/2015\/12\/P6267573.jpg\" target=\"_blank\" data-preview=\"https:\/\/radlerslust.de\/cz\/wp-content\/uploads\/sites\/2\/2015\/12\/P6267573-300x225.jpg\" data-thumbnail=\"https:\/\/radlerslust.de\/cz\/wp-content\/uploads\/sites\/2\/2015\/12\/P6267573-300x225.jpg\" data-include=\"true\" data-hover=\"\" data-alt=\"\" data-title=\"\" data-groups=\"\" class=\"kraut-lightbox-media no-ajaxy ts-hover-image krautgroup2915504 nofancybox\" rel=\"krautgroup2915504\" data-effect=\"random\" data-nohashes=\"true\" data-usecors=\"global\" data-save=\"0\" data-share=\"0\" data-no-lazy=\"1\">#8<\/a><a style=\"width: 20%; height: 100%; display: inline-block; margin: 0; padding: 0;; display: none;\" id=\"krautgroup2915504-8\" href=\"https:\/\/radlerslust.de\/cz\/wp-content\/uploads\/sites\/2\/2015\/12\/P6267570.jpg\" target=\"_blank\" data-preview=\"https:\/\/radlerslust.de\/cz\/wp-content\/uploads\/sites\/2\/2015\/12\/P6267570-225x300.jpg\" data-thumbnail=\"https:\/\/radlerslust.de\/cz\/wp-content\/uploads\/sites\/2\/2015\/12\/P6267570-225x300.jpg\" data-include=\"true\" data-hover=\"\" data-alt=\"\" data-title=\"\" data-groups=\"\" class=\"kraut-lightbox-media no-ajaxy ts-hover-image krautgroup2915504 nofancybox\" rel=\"krautgroup2915504\" data-effect=\"random\" data-nohashes=\"true\" data-usecors=\"global\" data-save=\"0\" data-share=\"0\" data-no-lazy=\"1\">#9<\/a><a style=\"width: 20%; height: 100%; display: inline-block; margin: 0; padding: 0;; display: none;\" id=\"krautgroup2915504-9\" href=\"https:\/\/radlerslust.de\/cz\/wp-content\/uploads\/sites\/2\/2015\/12\/P6267571.jpg\" target=\"_blank\" data-preview=\"https:\/\/radlerslust.de\/cz\/wp-content\/uploads\/sites\/2\/2015\/12\/P6267571-225x300.jpg\" data-thumbnail=\"https:\/\/radlerslust.de\/cz\/wp-content\/uploads\/sites\/2\/2015\/12\/P6267571-225x300.jpg\" data-include=\"true\" data-hover=\"\" data-alt=\"\" data-title=\"\" data-groups=\"\" class=\"kraut-lightbox-media no-ajaxy ts-hover-image krautgroup2915504 nofancybox\" rel=\"krautgroup2915504\" data-effect=\"random\" data-nohashes=\"true\" data-usecors=\"global\" data-save=\"0\" data-share=\"0\" data-no-lazy=\"1\">#10<\/a><a style=\"width: 20%; height: 100%; display: inline-block; margin: 0; padding: 0;; display: none;\" id=\"krautgroup2915504-10\" href=\"https:\/\/radlerslust.de\/cz\/wp-content\/uploads\/sites\/2\/2015\/12\/P6267553.jpg\" target=\"_blank\" data-preview=\"https:\/\/radlerslust.de\/cz\/wp-content\/uploads\/sites\/2\/2015\/12\/P6267553-225x300.jpg\" data-thumbnail=\"https:\/\/radlerslust.de\/cz\/wp-content\/uploads\/sites\/2\/2015\/12\/P6267553-225x300.jpg\" data-include=\"true\" data-hover=\"\" data-alt=\"\" data-title=\"\" data-groups=\"\" class=\"kraut-lightbox-media no-ajaxy ts-hover-image krautgroup2915504 nofancybox\" rel=\"krautgroup2915504\" data-effect=\"random\" data-nohashes=\"true\" data-usecors=\"global\" data-save=\"0\" data-share=\"0\" data-no-lazy=\"1\">#11<\/a><a style=\"width: 20%; height: 100%; display: inline-block; margin: 0; padding: 0;; display: none;\" id=\"krautgroup2915504-11\" href=\"https:\/\/radlerslust.de\/cz\/wp-content\/uploads\/sites\/2\/2015\/12\/P6267552.jpg\" target=\"_blank\" data-preview=\"https:\/\/radlerslust.de\/cz\/wp-content\/uploads\/sites\/2\/2015\/12\/P6267552-225x300.jpg\" data-thumbnail=\"https:\/\/radlerslust.de\/cz\/wp-content\/uploads\/sites\/2\/2015\/12\/P6267552-225x300.jpg\" data-include=\"true\" data-hover=\"\" data-alt=\"\" data-title=\"\" data-groups=\"\" class=\"kraut-lightbox-media no-ajaxy ts-hover-image krautgroup2915504 nofancybox\" rel=\"krautgroup2915504\" data-effect=\"random\" data-nohashes=\"true\" data-usecors=\"global\" data-save=\"0\" data-share=\"0\" data-no-lazy=\"1\">#12<\/a><a style=\"width: 20%; height: 100%; display: inline-block; margin: 0; padding: 0;; display: none;\" id=\"krautgroup2915504-12\" href=\"https:\/\/radlerslust.de\/cz\/wp-content\/uploads\/sites\/2\/2015\/12\/WE-9-DG.jpg\" target=\"_blank\" data-preview=\"https:\/\/radlerslust.de\/cz\/wp-content\/uploads\/sites\/2\/2015\/12\/WE-9-DG-300x148.jpg\" data-thumbnail=\"https:\/\/radlerslust.de\/cz\/wp-content\/uploads\/sites\/2\/2015\/12\/WE-9-DG-300x148.jpg\" data-include=\"true\" data-hover=\"\" data-alt=\"\" data-title=\"\" data-groups=\"\" class=\"kraut-lightbox-media no-ajaxy ts-hover-image krautgroup2915504 nofancybox\" rel=\"krautgroup2915504\" data-effect=\"random\" data-nohashes=\"true\" data-usecors=\"global\" data-save=\"0\" data-share=\"0\" data-no-lazy=\"1\">#13<\/a><a style=\"width: 20%; height: 100%; display: inline-block; margin: 0; padding: 0;; display: none;\" id=\"krautgroup2915504-13\" href=\"https:\/\/radlerslust.de\/cz\/wp-content\/uploads\/sites\/2\/2015\/12\/WE-9-OG.jpg\" target=\"_blank\" data-preview=\"https:\/\/radlerslust.de\/cz\/wp-content\/uploads\/sites\/2\/2015\/12\/WE-9-OG-300x280.jpg\" data-thumbnail=\"https:\/\/radlerslust.de\/cz\/wp-content\/uploads\/sites\/2\/2015\/12\/WE-9-OG-300x280.jpg\" data-random=\"2915504\" data-include=\"true\" data-hover=\"\" data-alt=\"\" data-title=\"\" data-groups=\"\" class=\"kraut-lightbox-media no-ajaxy ts-hover-image krautgroup2915504 nofancybox\" rel=\"krautgroup2915504\" data-effect=\"random\" data-usecors=\"global\" data-save=\"0\" data-share=\"0\" data-play=\"1\" data-autoplay=\"0\" data-duration=\"5000\" data-thumbsize=\"100\" data-thumbs=\"bottom\"  data-nohashes=\"true\" data-captions=\"true\" data-grid=\"240,480,720,960\" data-gridpreloader=\"false\" data-gridspace=\"2\" data-gridorder=\"false\" data-gridfilter=\"true\" data-gridavailable=\"Available Groups\" data-gridselected=\"Filtered Groups\" data-gridnogroups=\"No Groups\" data-gridtoggle=\"Toggle Filter\" data-gridtogglestyle=\"ts-color-button-belize-hole-flat\" data-gridshowall=\"Show All\" data-gridshowallstyle=\"ts-color-button-green-sea-flat\" data-no-lazy=\"1\">#14<\/a><\/div><\/div><\/div><\/div><\/div><\/div>\n<\/div>","protected":false},"excerpt":{"rendered":"Byty do 6 (+1) osob Po\u00e8et ososb: 6 osoby, 1 mo\u017enost p\u0159ist\u00fdlky Velikost: ca. 105 m\u00b2 #1#2#3#4#5#6#7#8#9#10#11#12#13#14","protected":false},"author":1,"featured_media":0,"parent":0,"menu_order":0,"comment_status":"closed","ping_status":"closed","template":"","meta":{"footnotes":""},"class_list":["post-311","page","type-page","status-publish","hentry"],"_links":{"self":[{"href":"https:\/\/radlerslust.de\/cz\/wp-json\/wp\/v2\/pages\/311","targetHints":{"allow":["GET"]}}],"collection":[{"href":"https:\/\/radlerslust.de\/cz\/wp-json\/wp\/v2\/pages"}],"about":[{"href":"https:\/\/radlerslust.de\/cz\/wp-json\/wp\/v2\/types\/page"}],"author":[{"embeddable":true,"href":"https:\/\/radlerslust.de\/cz\/wp-json\/wp\/v2\/users\/1"}],"replies":[{"embeddable":true,"href":"https:\/\/radlerslust.de\/cz\/wp-json\/wp\/v2\/comments?post=311"}],"version-history":[{"count":4,"href":"https:\/\/radlerslust.de\/cz\/wp-json\/wp\/v2\/pages\/311\/revisions"}],"predecessor-version":[{"id":598,"href":"https:\/\/radlerslust.de\/cz\/wp-json\/wp\/v2\/pages\/311\/revisions\/598"}],"wp:attachment":[{"href":"https:\/\/radlerslust.de\/cz\/wp-json\/wp\/v2\/media?parent=311"}],"curies":[{"name":"wp","href":"https:\/\/api.w.org\/{rel}","templated":true}]}}