{"id":187,"date":"2015-12-11T13:35:15","date_gmt":"2015-12-11T12:35:15","guid":{"rendered":"https:\/\/radlerslust.de\/cz\/?page_id=187"},"modified":"2018-02-20T17:02:32","modified_gmt":"2018-02-20T16:02:32","slug":"byt-1","status":"publish","type":"page","link":"https:\/\/radlerslust.de\/cz\/byt-1\/","title":{"rendered":"Bezbari\u00e9rov\u00e9 byty do 2 (+1) osob"},"content":{"rendered":"<div class=\"wpb-content-wrapper\"><div class=\"vc_row wpb_row vc_row-fluid\"><div class=\"wpb_column vc_column_container vc_col-sm-12\"><div class=\"vc_column-inner\"><div class=\"wpb_wrapper\">\n\t<div class=\"wpb_text_column wpb_content_element\" >\n\t\t<div class=\"wpb_wrapper\">\n\t\t\t<h2>Bezbari\u00e9rov\u00e9 byty do 2 (+1) osob<\/h2>\n\n\t\t<\/div>\n\t<\/div>\n<\/div><\/div><\/div><\/div><div class=\"vc_row wpb_row vc_row-fluid\"><div class=\"wpb_column vc_column_container vc_col-sm-12\"><div class=\"vc_column-inner\"><div class=\"wpb_wrapper\">\n\t<div class=\"wpb_text_column wpb_content_element\" >\n\t\t<div class=\"wpb_wrapper\">\n\t\t\t<ul>\n<li>Po\u00e8et ososb: 2 osoby, 1 mo\u017enost p\u0159ist\u00fdlky<\/li>\n<li>Velikost: ca. 45 m\u00b2<\/li>\n<\/ul>\n\n\t\t<\/div>\n\t<\/div>\n<\/div><\/div><\/div><\/div><div class=\"vc_row wpb_row vc_row-fluid\"><div class=\"wpb_column vc_column_container vc_col-sm-12\"><div class=\"vc_column-inner\"><div class=\"wpb_wrapper\"><div id=\"ts-vcsc-image-gallery-4218541\" class=\"ts-image-gallery-wrapper ts-kraut-lightbox-frame   \" data-style=\"grid\" data-break-parents=\"6\" data-inline=\"false\" style=\"margin-top: 0px; margin-bottom: 0px; position: relative;\"><div id=\"krautgroup4218541-title\" class=\"ts-lightbox-nacho-title\">Byty 1<\/div><div id=\"ts-vcsc-image-gallery-4218541-grid\" class=\"ts-lightbox-gallery-grid\"><a style=\"width: 20%; height: 100%; display: inline-block; margin: 0; padding: 0;; display: none;\" id=\"krautgroup4218541-0\" href=\"https:\/\/radlerslust.de\/cz\/wp-content\/uploads\/sites\/2\/2015\/12\/WE-12.jpg\" target=\"_blank\" data-preview=\"https:\/\/radlerslust.de\/cz\/wp-content\/uploads\/sites\/2\/2015\/12\/WE-12-300x234.jpg\" data-thumbnail=\"https:\/\/radlerslust.de\/cz\/wp-content\/uploads\/sites\/2\/2015\/12\/WE-12-300x234.jpg\" data-include=\"true\" data-hover=\"\" data-alt=\"\" data-title=\"\" data-groups=\"\" class=\"kraut-lightbox-media no-ajaxy ts-hover-image krautgroup4218541 nofancybox\" rel=\"krautgroup4218541\" data-effect=\"random\" data-nohashes=\"true\" data-usecors=\"global\" data-save=\"0\" data-share=\"0\" data-no-lazy=\"1\">#1<\/a><a style=\"width: 20%; height: 100%; display: inline-block; margin: 0; padding: 0;; display: none;\" id=\"krautgroup4218541-1\" href=\"https:\/\/radlerslust.de\/cz\/wp-content\/uploads\/sites\/2\/2015\/12\/P6267635.jpg\" target=\"_blank\" data-preview=\"https:\/\/radlerslust.de\/cz\/wp-content\/uploads\/sites\/2\/2015\/12\/P6267635-300x225.jpg\" data-thumbnail=\"https:\/\/radlerslust.de\/cz\/wp-content\/uploads\/sites\/2\/2015\/12\/P6267635-300x225.jpg\" data-include=\"true\" data-hover=\"\" data-alt=\"\" data-title=\"\" data-groups=\"\" class=\"kraut-lightbox-media no-ajaxy ts-hover-image krautgroup4218541 nofancybox\" rel=\"krautgroup4218541\" data-effect=\"random\" data-nohashes=\"true\" data-usecors=\"global\" data-save=\"0\" data-share=\"0\" data-no-lazy=\"1\">#2<\/a><a style=\"width: 20%; height: 100%; display: inline-block; margin: 0; padding: 0;; display: none;\" id=\"krautgroup4218541-2\" href=\"https:\/\/radlerslust.de\/cz\/wp-content\/uploads\/sites\/2\/2015\/12\/P6267629.jpg\" target=\"_blank\" data-preview=\"https:\/\/radlerslust.de\/cz\/wp-content\/uploads\/sites\/2\/2015\/12\/P6267629-300x225.jpg\" data-thumbnail=\"https:\/\/radlerslust.de\/cz\/wp-content\/uploads\/sites\/2\/2015\/12\/P6267629-300x225.jpg\" data-include=\"true\" data-hover=\"\" data-alt=\"\" data-title=\"\" data-groups=\"\" class=\"kraut-lightbox-media no-ajaxy ts-hover-image krautgroup4218541 nofancybox\" rel=\"krautgroup4218541\" data-effect=\"random\" data-nohashes=\"true\" data-usecors=\"global\" data-save=\"0\" data-share=\"0\" data-no-lazy=\"1\">#3<\/a><a style=\"width: 20%; height: 100%; display: inline-block; margin: 0; padding: 0;; display: none;\" id=\"krautgroup4218541-3\" href=\"https:\/\/radlerslust.de\/cz\/wp-content\/uploads\/sites\/2\/2015\/12\/P6267627.jpg\" target=\"_blank\" data-preview=\"https:\/\/radlerslust.de\/cz\/wp-content\/uploads\/sites\/2\/2015\/12\/P6267627-225x300.jpg\" data-thumbnail=\"https:\/\/radlerslust.de\/cz\/wp-content\/uploads\/sites\/2\/2015\/12\/P6267627-225x300.jpg\" data-include=\"true\" data-hover=\"\" data-alt=\"\" data-title=\"\" data-groups=\"\" class=\"kraut-lightbox-media no-ajaxy ts-hover-image krautgroup4218541 nofancybox\" rel=\"krautgroup4218541\" data-effect=\"random\" data-nohashes=\"true\" data-usecors=\"global\" data-save=\"0\" data-share=\"0\" data-no-lazy=\"1\">#4<\/a><a style=\"width: 20%; height: 100%; display: inline-block; margin: 0; padding: 0;; display: none;\" id=\"krautgroup4218541-4\" href=\"https:\/\/radlerslust.de\/cz\/wp-content\/uploads\/sites\/2\/2015\/12\/P6267626.jpg\" target=\"_blank\" data-preview=\"https:\/\/radlerslust.de\/cz\/wp-content\/uploads\/sites\/2\/2015\/12\/P6267626-225x300.jpg\" data-thumbnail=\"https:\/\/radlerslust.de\/cz\/wp-content\/uploads\/sites\/2\/2015\/12\/P6267626-225x300.jpg\" data-include=\"true\" data-hover=\"\" data-alt=\"\" data-title=\"\" data-groups=\"\" class=\"kraut-lightbox-media no-ajaxy ts-hover-image krautgroup4218541 nofancybox\" rel=\"krautgroup4218541\" data-effect=\"random\" data-nohashes=\"true\" data-usecors=\"global\" data-save=\"0\" data-share=\"0\" data-no-lazy=\"1\">#5<\/a><a style=\"width: 20%; height: 100%; display: inline-block; margin: 0; padding: 0;; display: none;\" id=\"krautgroup4218541-5\" href=\"https:\/\/radlerslust.de\/cz\/wp-content\/uploads\/sites\/2\/2015\/12\/P6267624.jpg\" target=\"_blank\" data-preview=\"https:\/\/radlerslust.de\/cz\/wp-content\/uploads\/sites\/2\/2015\/12\/P6267624-300x225.jpg\" data-thumbnail=\"https:\/\/radlerslust.de\/cz\/wp-content\/uploads\/sites\/2\/2015\/12\/P6267624-300x225.jpg\" data-include=\"true\" data-hover=\"\" data-alt=\"\" data-title=\"\" data-groups=\"\" class=\"kraut-lightbox-media no-ajaxy ts-hover-image krautgroup4218541 nofancybox\" rel=\"krautgroup4218541\" data-effect=\"random\" data-nohashes=\"true\" data-usecors=\"global\" data-save=\"0\" data-share=\"0\" data-no-lazy=\"1\">#6<\/a><a style=\"width: 20%; height: 100%; display: inline-block; margin: 0; padding: 0;; display: none;\" id=\"krautgroup4218541-6\" href=\"https:\/\/radlerslust.de\/cz\/wp-content\/uploads\/sites\/2\/2015\/12\/P6267618-korrigiert.jpg\" target=\"_blank\" data-preview=\"https:\/\/radlerslust.de\/cz\/wp-content\/uploads\/sites\/2\/2015\/12\/P6267618-korrigiert-300x225.jpg\" data-thumbnail=\"https:\/\/radlerslust.de\/cz\/wp-content\/uploads\/sites\/2\/2015\/12\/P6267618-korrigiert-300x225.jpg\" data-random=\"4218541\" data-include=\"true\" data-hover=\"\" data-alt=\"\" data-title=\"\" data-groups=\"\" class=\"kraut-lightbox-media no-ajaxy ts-hover-image krautgroup4218541 nofancybox\" rel=\"krautgroup4218541\" data-effect=\"random\" data-usecors=\"global\" data-save=\"0\" data-share=\"0\" data-play=\"1\" data-autoplay=\"0\" data-duration=\"5000\" data-thumbsize=\"100\" data-thumbs=\"bottom\"  data-nohashes=\"true\" data-captions=\"true\" data-grid=\"240,480,720,960\" data-gridpreloader=\"false\" data-gridspace=\"2\" data-gridorder=\"false\" data-gridfilter=\"true\" data-gridavailable=\"Available Groups\" data-gridselected=\"Filtered Groups\" data-gridnogroups=\"No Groups\" data-gridtoggle=\"Toggle Filter\" data-gridtogglestyle=\"ts-color-button-belize-hole-flat\" data-gridshowall=\"Show All\" data-gridshowallstyle=\"ts-color-button-green-sea-flat\" data-no-lazy=\"1\">#7<\/a><\/div><\/div><\/div><\/div><\/div><\/div><div class=\"vc_row wpb_row vc_row-fluid\"><div class=\"wpb_column vc_column_container vc_col-sm-12\"><div class=\"vc_column-inner\"><div class=\"wpb_wrapper\"><div class=\"vc_empty_space\"   style=\"height: 32px\"><span class=\"vc_empty_space_inner\"><\/span><\/div><\/div><\/div><\/div><\/div><div class=\"vc_row wpb_row vc_row-fluid\"><div class=\"wpb_column vc_column_container vc_col-sm-12\"><div class=\"vc_column-inner\"><div class=\"wpb_wrapper\"><div id=\"ts-vcsc-image-gallery-2869101\" class=\"ts-image-gallery-wrapper ts-kraut-lightbox-frame   \" data-style=\"grid\" data-break-parents=\"6\" data-inline=\"false\" style=\"margin-top: 0px; margin-bottom: 0px; position: relative;\"><div id=\"krautgroup2869101-title\" class=\"ts-lightbox-nacho-title\">Byty 2 a 3<\/div><div id=\"ts-vcsc-image-gallery-2869101-grid\" class=\"ts-lightbox-gallery-grid\"><a style=\"width: 20%; height: 100%; display: inline-block; margin: 0; padding: 0;; display: none;\" id=\"krautgroup2869101-0\" href=\"https:\/\/radlerslust.de\/cz\/wp-content\/uploads\/sites\/2\/2015\/12\/P5297456.jpg\" target=\"_blank\" data-preview=\"https:\/\/radlerslust.de\/cz\/wp-content\/uploads\/sites\/2\/2015\/12\/P5297456-225x300.jpg\" data-thumbnail=\"https:\/\/radlerslust.de\/cz\/wp-content\/uploads\/sites\/2\/2015\/12\/P5297456-225x300.jpg\" data-include=\"true\" data-hover=\"\" data-alt=\"\" data-title=\"\" data-groups=\"\" class=\"kraut-lightbox-media no-ajaxy ts-hover-image krautgroup2869101 nofancybox\" rel=\"krautgroup2869101\" data-effect=\"random\" data-nohashes=\"true\" data-usecors=\"global\" data-save=\"0\" data-share=\"0\" data-no-lazy=\"1\">#1<\/a><a style=\"width: 20%; height: 100%; display: inline-block; margin: 0; padding: 0;; display: none;\" id=\"krautgroup2869101-1\" href=\"https:\/\/radlerslust.de\/cz\/wp-content\/uploads\/sites\/2\/2015\/12\/P5297453.jpg\" target=\"_blank\" data-preview=\"https:\/\/radlerslust.de\/cz\/wp-content\/uploads\/sites\/2\/2015\/12\/P5297453-225x300.jpg\" data-thumbnail=\"https:\/\/radlerslust.de\/cz\/wp-content\/uploads\/sites\/2\/2015\/12\/P5297453-225x300.jpg\" data-include=\"true\" data-hover=\"\" data-alt=\"\" data-title=\"\" data-groups=\"\" class=\"kraut-lightbox-media no-ajaxy ts-hover-image krautgroup2869101 nofancybox\" rel=\"krautgroup2869101\" data-effect=\"random\" data-nohashes=\"true\" data-usecors=\"global\" data-save=\"0\" data-share=\"0\" data-no-lazy=\"1\">#2<\/a><a style=\"width: 20%; height: 100%; display: inline-block; margin: 0; padding: 0;; display: none;\" id=\"krautgroup2869101-2\" href=\"https:\/\/radlerslust.de\/cz\/wp-content\/uploads\/sites\/2\/2015\/12\/P5297452.jpg\" target=\"_blank\" data-preview=\"https:\/\/radlerslust.de\/cz\/wp-content\/uploads\/sites\/2\/2015\/12\/P5297452-300x225.jpg\" data-thumbnail=\"https:\/\/radlerslust.de\/cz\/wp-content\/uploads\/sites\/2\/2015\/12\/P5297452-300x225.jpg\" data-include=\"true\" data-hover=\"\" data-alt=\"\" data-title=\"\" data-groups=\"\" class=\"kraut-lightbox-media no-ajaxy ts-hover-image krautgroup2869101 nofancybox\" rel=\"krautgroup2869101\" data-effect=\"random\" data-nohashes=\"true\" data-usecors=\"global\" data-save=\"0\" data-share=\"0\" data-no-lazy=\"1\">#3<\/a><a style=\"width: 20%; height: 100%; display: inline-block; margin: 0; padding: 0;; display: none;\" id=\"krautgroup2869101-3\" href=\"https:\/\/radlerslust.de\/cz\/wp-content\/uploads\/sites\/2\/2015\/12\/P5297450.jpg\" target=\"_blank\" data-preview=\"https:\/\/radlerslust.de\/cz\/wp-content\/uploads\/sites\/2\/2015\/12\/P5297450-300x225.jpg\" data-thumbnail=\"https:\/\/radlerslust.de\/cz\/wp-content\/uploads\/sites\/2\/2015\/12\/P5297450-300x225.jpg\" data-include=\"true\" data-hover=\"\" data-alt=\"\" data-title=\"\" data-groups=\"\" class=\"kraut-lightbox-media no-ajaxy ts-hover-image krautgroup2869101 nofancybox\" rel=\"krautgroup2869101\" data-effect=\"random\" data-nohashes=\"true\" data-usecors=\"global\" data-save=\"0\" data-share=\"0\" data-no-lazy=\"1\">#4<\/a><a style=\"width: 20%; height: 100%; display: inline-block; margin: 0; padding: 0;; display: none;\" id=\"krautgroup2869101-4\" href=\"https:\/\/radlerslust.de\/cz\/wp-content\/uploads\/sites\/2\/2015\/12\/P5297447.jpg\" target=\"_blank\" data-preview=\"https:\/\/radlerslust.de\/cz\/wp-content\/uploads\/sites\/2\/2015\/12\/P5297447-300x225.jpg\" data-thumbnail=\"https:\/\/radlerslust.de\/cz\/wp-content\/uploads\/sites\/2\/2015\/12\/P5297447-300x225.jpg\" data-include=\"true\" data-hover=\"\" data-alt=\"\" data-title=\"\" data-groups=\"\" class=\"kraut-lightbox-media no-ajaxy ts-hover-image krautgroup2869101 nofancybox\" rel=\"krautgroup2869101\" data-effect=\"random\" data-nohashes=\"true\" data-usecors=\"global\" data-save=\"0\" data-share=\"0\" data-no-lazy=\"1\">#5<\/a><a style=\"width: 20%; height: 100%; display: inline-block; margin: 0; padding: 0;; display: none;\" id=\"krautgroup2869101-5\" href=\"https:\/\/radlerslust.de\/cz\/wp-content\/uploads\/sites\/2\/2015\/12\/WE-1011.jpg\" target=\"_blank\" data-preview=\"https:\/\/radlerslust.de\/cz\/wp-content\/uploads\/sites\/2\/2015\/12\/WE-1011-300x252.jpg\" data-thumbnail=\"https:\/\/radlerslust.de\/cz\/wp-content\/uploads\/sites\/2\/2015\/12\/WE-1011-300x252.jpg\" data-random=\"2869101\" data-include=\"true\" data-hover=\"\" data-alt=\"\" data-title=\"\" data-groups=\"\" class=\"kraut-lightbox-media no-ajaxy ts-hover-image krautgroup2869101 nofancybox\" rel=\"krautgroup2869101\" data-effect=\"random\" data-usecors=\"global\" data-save=\"0\" data-share=\"0\" data-play=\"1\" data-autoplay=\"0\" data-duration=\"5000\" data-thumbsize=\"100\" data-thumbs=\"bottom\"  data-nohashes=\"true\" data-captions=\"true\" data-grid=\"240,480,720,960\" data-gridpreloader=\"false\" data-gridspace=\"2\" data-gridorder=\"false\" data-gridfilter=\"true\" data-gridavailable=\"Available Groups\" data-gridselected=\"Filtered Groups\" data-gridnogroups=\"No Groups\" data-gridtoggle=\"Toggle Filter\" data-gridtogglestyle=\"ts-color-button-belize-hole-flat\" data-gridshowall=\"Show All\" data-gridshowallstyle=\"ts-color-button-green-sea-flat\" data-no-lazy=\"1\">#6<\/a><\/div><\/div><\/div><\/div><\/div><\/div>\n<\/div>","protected":false},"excerpt":{"rendered":"Bezbari\u00e9rov\u00e9 byty do 2 (+1) osob Po\u00e8et ososb: 2 osoby, 1 mo\u017enost p\u0159ist\u00fdlky Velikost: ca. 45 m\u00b2 Byty 1#1#2#3#4#5#6#7Byty 2 a 3#1#2#3#4#5#6","protected":false},"author":1,"featured_media":0,"parent":0,"menu_order":0,"comment_status":"closed","ping_status":"closed","template":"","meta":{"footnotes":""},"class_list":["post-187","page","type-page","status-publish","hentry"],"_links":{"self":[{"href":"https:\/\/radlerslust.de\/cz\/wp-json\/wp\/v2\/pages\/187","targetHints":{"allow":["GET"]}}],"collection":[{"href":"https:\/\/radlerslust.de\/cz\/wp-json\/wp\/v2\/pages"}],"about":[{"href":"https:\/\/radlerslust.de\/cz\/wp-json\/wp\/v2\/types\/page"}],"author":[{"embeddable":true,"href":"https:\/\/radlerslust.de\/cz\/wp-json\/wp\/v2\/users\/1"}],"replies":[{"embeddable":true,"href":"https:\/\/radlerslust.de\/cz\/wp-json\/wp\/v2\/comments?post=187"}],"version-history":[{"count":10,"href":"https:\/\/radlerslust.de\/cz\/wp-json\/wp\/v2\/pages\/187\/revisions"}],"predecessor-version":[{"id":700,"href":"https:\/\/radlerslust.de\/cz\/wp-json\/wp\/v2\/pages\/187\/revisions\/700"}],"wp:attachment":[{"href":"https:\/\/radlerslust.de\/cz\/wp-json\/wp\/v2\/media?parent=187"}],"curies":[{"name":"wp","href":"https:\/\/api.w.org\/{rel}","templated":true}]}}