{"id":181,"date":"2015-12-11T13:36:39","date_gmt":"2015-12-11T12:36:39","guid":{"rendered":"https:\/\/radlerslust.de\/cz\/?page_id=181"},"modified":"2026-04-07T17:12:58","modified_gmt":"2026-04-07T15:12:58","slug":"rekreacni-domky","status":"publish","type":"page","link":"https:\/\/radlerslust.de\/cz\/rekreacni-domky\/","title":{"rendered":"rekrea\u010dn\u00ed domky"},"content":{"rendered":"<div class=\"wpb-content-wrapper\"><div class=\"vc_row wpb_row vc_row-fluid\"><div class=\"wpb_column vc_column_container vc_col-sm-12\"><div class=\"vc_column-inner\"><div class=\"wpb_wrapper\">\n\t<div class=\"wpb_text_column wpb_content_element\" >\n\t\t<div class=\"wpb_wrapper\">\n\t\t\t<h2>Rekrea\u010dn\u00ed d\u016fm Nixe, Rekrea\u010dn\u00ed d\u016fm Neptun<\/h2>\n<p>Na\u0161e nov\u00e9 rekrea\u010dn\u00ed domky, kter\u00e9 budeme na samostatn\u00e9m pozemku za\u010d\u00e1tkem roku 2016 z\u0159izovat, V\u00e1m budou od 01.07.2016 k dispozici.<br \/>\nNa vy\u017e\u00e1d\u00e1n\u00ed m\u016f\u017eete vyu\u017e\u00edt sn\u00edda\u0148ov\u00e9 nab\u00eddky v sousedn\u00edm rekrea\u010dn\u00edm objektu.<\/p>\n\n\t\t<\/div>\n\t<\/div>\n<\/div><\/div><\/div><\/div><div class=\"vc_row wpb_row vc_row-fluid\"><div class=\"wpb_column vc_column_container vc_col-sm-6\"><div class=\"vc_column-inner\"><div class=\"wpb_wrapper\">\n\t<div class=\"wpb_text_column wpb_content_element\" >\n\t\t<div class=\"wpb_wrapper\">\n\t\t\t<p>Na\u0161e rekrea\u010dn\u00ed domky jsou \u00fatuln\u011b a komfortn\u011b vybaveny:<\/p>\n<ul>\n<li>zdrav\u00e1 a plnohodnotn\u00e1 sn\u00eddan\u00ec a ob\u00ecdov\u00e9 bal\u00ed\u00e8ky na z\u00e1klad\u00ec popt\u00e1vky<br \/>\np\u00f8enocov\u00e1n\u00ed pro cyklisty i na jednu noc<br \/>\nsu\u0161\u00e1rnu &#8211; pokud v\u00e1s na va\u0161ich cest\u00e1ch p\u00f8ekvap\u00ed d\u00e9\u0161 (p\u00f8\u00edpadn\u00ec je mo\u017en\u00e9 po domluv\u00ec pou\u017e\u00edt tak\u00e9 zdej\u0161\u00ed su\u0161i\u00e8ku)<br \/>\ninformace o region\u00e1ln\u00ed s\u00edti cyklostezek<br \/>\nzaji\u0161t\u00ecn\u00ed a proveden\u00ed mal\u00fdch oprav<br \/>\nzaji\u0161t\u00ecn\u00ed transferu<br \/>\ntransfer zavazadel k posledn\u00edmu\/nebo dal\u0161\u00edmu m\u00edstu p\u00f8enocov\u00e1n\u00ed<br \/>\nob\u00fdvac\u00ed pokoj<br \/>\nD\u011btsk\u00e1 herna<br \/>\n<strong>Uzamykateln\u00e1 kol\u00e1rna pro cca 20 j\u00edzdn\u00edch kol. Mezi dal\u0161\u00ed mo\u017enosti skladov\u00e1n\u00ed pat\u0159\u00ed chodba ve stodole a pod p\u0159\u00edst\u0159e\u0161kem pro auto ve dvo\u0159e. \u017d\u00e1d\u00e1me o pochopen\u00ed, \u017ee na\u0161e mo\u017enosti \u00falo\u017ei\u0161t\u011b jsou tak\u00e9 omezen\u00e9.<\/strong><\/li>\n<\/ul>\n<div id=\"simple-translate\" class=\"simple-translate-system-theme\">\n<div>\n<div class=\"simple-translate-button isShow\" style=\"background-image: url('moz-extension:\/\/c8b09885-f9bd-42a1-abbc-e928212a14c5\/icons\/512.png'); height: 22px; width: 22px; top: 194px; left: 532px;\"><\/div>\n<div class=\"simple-translate-panel \" style=\"width: 300px; height: 200px; top: 0px; left: 0px; font-size: 13px;\">\n<div class=\"simple-translate-result-wrapper\" style=\"overflow: hidden;\">\n<div class=\"simple-translate-move\" draggable=\"true\"><\/div>\n<div class=\"simple-translate-result-contents\">\n<p class=\"simple-translate-candidate\" dir=\"auto\">\n<\/div>\n<\/div>\n<\/div>\n<\/div>\n<\/div>\n\n\t\t<\/div>\n\t<\/div>\n<\/div><\/div><\/div><div class=\"wpb_column vc_column_container vc_col-sm-6\"><div class=\"vc_column-inner\"><div class=\"wpb_wrapper\">\n\t<div class=\"wpb_text_column wpb_content_element\" >\n\t\t<div class=\"wpb_wrapper\">\n\t\t\t<p>Na vy\u017e\u00e1d\u00e1n\u00ed nab\u00edz\u00edme:<\/p>\n<ul>\n<li>d\u011btskou post\u00fdlku a d\u011btskou \u017eidli\u010dku zdarma,<\/li>\n<li>\u017eehl\u00edc\u00ed prkno a \u017eehli\u010dku,<\/li>\n<li>f\u00e9n<\/li>\n<li>su\u0161\u00e1k na pr\u00e1dlo,<\/li>\n<li>praci slu\u017eby,<\/li>\n<\/ul>\n\n\t\t<\/div>\n\t<\/div>\n<\/div><\/div><\/div><\/div><div class=\"vc_row wpb_row vc_row-fluid\"><div class=\"wpb_column vc_column_container vc_col-sm-6\"><div class=\"vc_column-inner\"><div class=\"wpb_wrapper\">\n\t<div class=\"wpb_text_column wpb_content_element\" >\n\t\t<div class=\"wpb_wrapper\">\n\t\t\t<p>Dodate\u010dn\u00e9 slu\u017eby:<\/p>\n<ul>\n<li>zdravou a plnohodnotnou sn\u00eddani a sva\u010diny v bal\u00ed\u010dku na vy\u017e\u00e1d\u00e1n\u00ed,<\/li>\n<li>zabezpe\u010den\u00fd prostor na odstaven\u00ed Va\u0161ich kol<\/li>\n<li>su\u0161\u00e1rna &#8211; kdy\u017e by V\u00e1s p\u0159ekvapil d\u00e9\u0161\u0165 (dodate\u010dn\u011b je mo\u017enost u\u017e\u00edv\u00e1n\u00ed su\u0161i\u010dky)<\/li>\n<li>informace t\u00fdkaj\u00edc\u00ed se region\u00e1ln\u00edch cyklostezek<\/li>\n<li>mo\u017enost proveden\u00ed men\u0161\u00edch oprav<\/li>\n<li>odvozov\u00e1 a dovozov\u00e1 slu\u017eba<\/li>\n<li>transport zavazadel mezi posledn\u00edm a n\u00e1sledn\u00e9m ubytov\u00e1n\u00ed<\/li>\n<\/ul>\n\n\t\t<\/div>\n\t<\/div>\n<\/div><\/div><\/div><div class=\"wpb_column vc_column_container vc_col-sm-6\"><div class=\"vc_column-inner\"><div class=\"wpb_wrapper\"><div id=\"ts-vcsc-image-gallery-2882217\" class=\"ts-image-gallery-wrapper ts-kraut-lightbox-frame   \" data-style=\"grid\" data-break-parents=\"6\" data-inline=\"false\" style=\"margin-top: 0px; margin-bottom: 0px; position: relative;\"><div id=\"ts-vcsc-image-gallery-2882217-grid\" class=\"ts-lightbox-gallery-grid\"><a style=\"width: 20%; height: 100%; display: inline-block; margin: 0; padding: 0;; display: none;\" id=\"krautgroup2882217-0\" href=\"https:\/\/radlerslust.de\/cz\/wp-content\/uploads\/sites\/2\/2015\/09\/Fruehstueck4_850px.jpg\" target=\"_blank\" data-preview=\"https:\/\/radlerslust.de\/cz\/wp-content\/uploads\/sites\/2\/2015\/09\/Fruehstueck4_850px-300x225.jpg\" data-thumbnail=\"https:\/\/radlerslust.de\/cz\/wp-content\/uploads\/sites\/2\/2015\/09\/Fruehstueck4_850px-300x225.jpg\" data-include=\"true\" data-hover=\"\" data-alt=\"\" data-title=\"\" data-groups=\"\" class=\"kraut-lightbox-media no-ajaxy ts-hover-image krautgroup2882217 nofancybox\" rel=\"krautgroup2882217\" data-effect=\"random\" data-nohashes=\"true\" data-usecors=\"global\" data-save=\"0\" data-share=\"0\" data-no-lazy=\"1\">#1<\/a><a style=\"width: 20%; height: 100%; display: inline-block; margin: 0; padding: 0;; display: none;\" id=\"krautgroup2882217-1\" href=\"https:\/\/radlerslust.de\/cz\/wp-content\/uploads\/sites\/2\/2015\/09\/Fruehstueck3_850px.jpg\" target=\"_blank\" data-preview=\"https:\/\/radlerslust.de\/cz\/wp-content\/uploads\/sites\/2\/2015\/09\/Fruehstueck3_850px-300x225.jpg\" data-thumbnail=\"https:\/\/radlerslust.de\/cz\/wp-content\/uploads\/sites\/2\/2015\/09\/Fruehstueck3_850px-300x225.jpg\" data-include=\"true\" data-hover=\"\" data-alt=\"\" data-title=\"\" data-groups=\"\" class=\"kraut-lightbox-media no-ajaxy ts-hover-image krautgroup2882217 nofancybox\" rel=\"krautgroup2882217\" data-effect=\"random\" data-nohashes=\"true\" data-usecors=\"global\" data-save=\"0\" data-share=\"0\" data-no-lazy=\"1\">#2<\/a><a style=\"width: 20%; height: 100%; display: inline-block; margin: 0; padding: 0;; display: none;\" id=\"krautgroup2882217-2\" href=\"https:\/\/radlerslust.de\/cz\/wp-content\/uploads\/sites\/2\/2015\/09\/Fruehstueck2_850px.jpg\" target=\"_blank\" data-preview=\"https:\/\/radlerslust.de\/cz\/wp-content\/uploads\/sites\/2\/2015\/09\/Fruehstueck2_850px-300x225.jpg\" data-thumbnail=\"https:\/\/radlerslust.de\/cz\/wp-content\/uploads\/sites\/2\/2015\/09\/Fruehstueck2_850px-300x225.jpg\" data-include=\"true\" data-hover=\"\" data-alt=\"\" data-title=\"\" data-groups=\"\" class=\"kraut-lightbox-media no-ajaxy ts-hover-image krautgroup2882217 nofancybox\" rel=\"krautgroup2882217\" data-effect=\"random\" data-nohashes=\"true\" data-usecors=\"global\" data-save=\"0\" data-share=\"0\" data-no-lazy=\"1\">#3<\/a><a style=\"width: 20%; height: 100%; display: inline-block; margin: 0; padding: 0;; display: none;\" id=\"krautgroup2882217-3\" href=\"https:\/\/radlerslust.de\/cz\/wp-content\/uploads\/sites\/2\/2015\/09\/Fruehstueck1_850px.jpg\" target=\"_blank\" data-preview=\"https:\/\/radlerslust.de\/cz\/wp-content\/uploads\/sites\/2\/2015\/09\/Fruehstueck1_850px-300x225.jpg\" data-thumbnail=\"https:\/\/radlerslust.de\/cz\/wp-content\/uploads\/sites\/2\/2015\/09\/Fruehstueck1_850px-300x225.jpg\" data-random=\"2882217\" data-include=\"true\" data-hover=\"\" data-alt=\"\" data-title=\"\" data-groups=\"\" class=\"kraut-lightbox-media no-ajaxy ts-hover-image krautgroup2882217 nofancybox\" rel=\"krautgroup2882217\" data-effect=\"random\" data-usecors=\"global\" data-save=\"0\" data-share=\"0\" data-play=\"1\" data-autoplay=\"0\" data-duration=\"5000\" data-thumbsize=\"100\" data-thumbs=\"bottom\"  data-nohashes=\"true\" data-captions=\"true\" data-grid=\"240,480,720,960\" data-gridpreloader=\"false\" data-gridspace=\"2\" data-gridorder=\"false\" data-gridfilter=\"true\" data-gridavailable=\"Available Groups\" data-gridselected=\"Filtered Groups\" data-gridnogroups=\"No Groups\" data-gridtoggle=\"Toggle Filter\" data-gridtogglestyle=\"ts-color-button-belize-hole-flat\" data-gridshowall=\"Show All\" data-gridshowallstyle=\"ts-color-button-green-sea-flat\" data-no-lazy=\"1\">#4<\/a><\/div><\/div><\/div><\/div><\/div><\/div><div class=\"vc_row wpb_row vc_row-fluid\"><div class=\"wpb_column vc_column_container vc_col-sm-6\"><div class=\"vc_column-inner\"><div class=\"wpb_wrapper\">\n\t<div class=\"wpb_text_column wpb_content_element\" >\n\t\t<div class=\"wpb_wrapper\">\n\t\t\t<p><strong>Na\u0161e domky jsou neku\u0159\u00e1ck\u00e9 objekty, dom\u00e1c\u00ed zv\u00ed\u0159ata ne\u017e\u00e1d\u00e1na.<\/strong><\/p>\n<p><span style=\"color: #ff6600;\"><strong>K pohledu na domek si klikn\u011bte na jm\u00e9no domu.<\/strong><\/span><\/p>\n<p><span style=\"color: #ff0000;\"><strong>Minim\u00e1ln\u00ed doba reservace v hlavn\u00ed sez\u00f3nu stejn\u011b jako v mm\u011bs\u00edc\u00edch \u010dervnu, \u010dervenci a srpnu: 6 noc\u00ed. P\u0159i mimo\u0159\u00e1dn\u00fdch p\u0159\u00edle\u017eitostech se m\u016f\u017ee ur\u010dit minim\u00e1ln\u00ed doba reservace \u010di logis p\u0159\u00edplatek.<\/strong><\/span><\/p>\n\n\t\t<\/div>\n\t<\/div>\n<\/div><\/div><\/div><div class=\"wpb_column vc_column_container vc_col-sm-6\"><div class=\"vc_column-inner\"><div class=\"wpb_wrapper\">\n\t<div class=\"wpb_text_column wpb_content_element\" >\n\t\t<div class=\"wpb_wrapper\">\n\t\t\t<p><a href=\"https:\/\/radlerslust.de\/prtl-bch\/#\/hotelbooking\"><img loading=\"lazy\" decoding=\"async\" class=\"aligncenter wp-image-587 size-medium\" src=\"https:\/\/radlerslust.de\/cz\/wp-content\/uploads\/sites\/2\/2015\/09\/radldirektbuchung-cz-300x59.jpg\" alt=\"radldirektbuchung-cz\" width=\"300\" height=\"59\" srcset=\"https:\/\/radlerslust.de\/cz\/wp-content\/uploads\/sites\/2\/2015\/09\/radldirektbuchung-cz-300x59.jpg 300w, https:\/\/radlerslust.de\/cz\/wp-content\/uploads\/sites\/2\/2015\/09\/radldirektbuchung-cz-5x1.jpg 5w, https:\/\/radlerslust.de\/cz\/wp-content\/uploads\/sites\/2\/2015\/09\/radldirektbuchung-cz-700x140.jpg 700w, https:\/\/radlerslust.de\/cz\/wp-content\/uploads\/sites\/2\/2015\/09\/radldirektbuchung-cz.jpg 709w\" sizes=\"auto, (max-width: 300px) 100vw, 300px\" \/><\/a><\/p>\n\n\t\t<\/div>\n\t<\/div>\n<\/div><\/div><\/div><\/div><div class=\"vc_row wpb_row vc_row-fluid\"><div class=\"wpb_column vc_column_container vc_col-sm-12\"><div class=\"vc_column-inner\"><div class=\"wpb_wrapper\"><div class=\"vc_tta-container\" data-vc-action=\"collapse\"><div class=\"vc_general vc_tta vc_tta-tabs vc_tta-color-grey vc_tta-style-classic vc_tta-shape-rounded vc_tta-spacing-1 vc_tta-tabs-position-top vc_tta-controls-align-left\"><div class=\"vc_tta-tabs-container\"><ul class=\"vc_tta-tabs-list\" role=\"tablist\"><li class=\"vc_tta-tab vc_active\" data-vc-tab role=\"presentation\"><a href=\"#1671798054377-4a98b90d-ccd2\" data-vc-tabs data-vc-container=\".vc_tta\" role=\"tab\" aria-selected=\"false\" id=\"tab-1671798054377-4a98b90d-ccd2\"><span class=\"vc_tta-title-text\">Ceny rekrea\u010dn\u00edch dom\u016f od 01.01.2023<\/span><\/a><\/li><\/ul><\/div><div class=\"vc_tta-panels-container\"><div class=\"vc_tta-panels\"><div class=\"vc_tta-panel vc_active\" id=\"1671798054377-4a98b90d-ccd2\" data-vc-content=\".vc_tta-panel-body\"><div class=\"vc_tta-panel-heading\"><h4 class=\"vc_tta-panel-title\"><a href=\"#1671798054377-4a98b90d-ccd2\" data-vc-accordion data-vc-container=\".vc_tta-container\"><span class=\"vc_tta-title-text\">Ceny rekrea\u010dn\u00edch dom\u016f od 01.01.2023<\/span><\/a><\/h4><\/div><div class=\"vc_tta-panel-body\">\n\t<div class=\"wpb_text_column wpb_content_element\" >\n\t\t<div class=\"wpb_wrapper\">\n\t\t\t<p>[table id=29 responsive=collapse \/]<\/p>\n<p>&nbsp;<\/p>\n<div id=\"simple-translate\" class=\"simple-translate-system-theme\">\n<div>\n<div class=\"simple-translate-button isShow\" style=\"background-image: url('moz-extension:\/\/c8b09885-f9bd-42a1-abbc-e928212a14c5\/icons\/512.png'); height: 22px; width: 22px; top: -26px; left: -411px;\"><\/div>\n<div class=\"simple-translate-panel \" style=\"width: 300px; height: 200px; top: 0px; left: 0px; font-size: 13px;\">\n<div class=\"simple-translate-result-wrapper\" style=\"overflow: hidden;\">\n<div class=\"simple-translate-move\" draggable=\"true\"><\/div>\n<div class=\"simple-translate-result-contents\">\n<p class=\"simple-translate-candidate\" dir=\"auto\">\n<\/div>\n<\/div>\n<\/div>\n<\/div>\n<\/div>\n\n\t\t<\/div>\n\t<\/div>\n<\/div><\/div><\/div><\/div><\/div><\/div><\/div><\/div><\/div><\/div><div class=\"vc_row wpb_row vc_row-fluid\"><div class=\"wpb_column vc_column_container vc_col-sm-12\"><div class=\"vc_column-inner\"><div class=\"wpb_wrapper\"><div class=\"vc_tta-container\" data-vc-action=\"collapse\"><div class=\"vc_general vc_tta vc_tta-tabs vc_tta-color-grey vc_tta-style-classic vc_tta-shape-rounded vc_tta-spacing-1 vc_tta-tabs-position-top vc_tta-controls-align-left\"><div class=\"vc_tta-tabs-container\"><ul class=\"vc_tta-tabs-list\" role=\"tablist\"><li class=\"vc_tta-tab vc_active\" data-vc-tab role=\"presentation\"><a href=\"#1697192265833-5a514304-c3ff\" data-vc-tabs data-vc-container=\".vc_tta\" role=\"tab\" aria-selected=\"false\" id=\"tab-1697192265833-5a514304-c3ff\"><span class=\"vc_tta-title-text\">Ceny rekrea\u010dn\u00edch dom\u016f od 01.01.2024<\/span><\/a><\/li><\/ul><\/div><div class=\"vc_tta-panels-container\"><div class=\"vc_tta-panels\"><div class=\"vc_tta-panel vc_active\" id=\"1697192265833-5a514304-c3ff\" data-vc-content=\".vc_tta-panel-body\"><div class=\"vc_tta-panel-heading\"><h4 class=\"vc_tta-panel-title\"><a href=\"#1697192265833-5a514304-c3ff\" data-vc-accordion data-vc-container=\".vc_tta-container\"><span class=\"vc_tta-title-text\">Ceny rekrea\u010dn\u00edch dom\u016f od 01.01.2024<\/span><\/a><\/h4><\/div><div class=\"vc_tta-panel-body\">\n\t<div class=\"wpb_text_column wpb_content_element\" >\n\t\t<div class=\"wpb_wrapper\">\n\t\t\t<p>[table id=30 responsive=collapse \/]<\/p>\n\n\t\t<\/div>\n\t<\/div>\n<\/div><\/div><\/div><\/div><\/div><\/div><\/div><\/div><\/div><\/div><div class=\"vc_row wpb_row vc_row-fluid\"><div class=\"wpb_column vc_column_container vc_col-sm-12\"><div class=\"vc_column-inner\"><div class=\"wpb_wrapper\"><div class=\"vc_tta-container\" data-vc-action=\"collapse\"><div class=\"vc_general vc_tta vc_tta-tabs vc_tta-color-grey vc_tta-style-classic vc_tta-shape-rounded vc_tta-spacing-1 vc_tta-tabs-position-top vc_tta-controls-align-left\"><div class=\"vc_tta-tabs-container\"><ul class=\"vc_tta-tabs-list\" role=\"tablist\"><li class=\"vc_tta-tab vc_active\" data-vc-tab role=\"presentation\"><a href=\"#1627145147402-fb2b1485-e623\" data-vc-tabs data-vc-container=\".vc_tta\" role=\"tab\" aria-selected=\"false\" id=\"tab-1627145147402-fb2b1485-e623\"><span class=\"vc_tta-title-text\">Vedlej\u0161\u00ed poplatky 2023<\/span><\/a><\/li><\/ul><\/div><div class=\"vc_tta-panels-container\"><div class=\"vc_tta-panels\"><div class=\"vc_tta-panel vc_active\" id=\"1627145147402-fb2b1485-e623\" data-vc-content=\".vc_tta-panel-body\"><div class=\"vc_tta-panel-heading\"><h4 class=\"vc_tta-panel-title\"><a href=\"#1627145147402-fb2b1485-e623\" data-vc-accordion data-vc-container=\".vc_tta-container\"><span class=\"vc_tta-title-text\">Vedlej\u0161\u00ed poplatky 2023<\/span><\/a><\/h4><\/div><div class=\"vc_tta-panel-body\">\n\t<div class=\"wpb_text_column wpb_content_element\" >\n\t\t<div class=\"wpb_wrapper\">\n\t\t\t<p>[table id=26 responsive=collapse \/]<\/p>\n<p>&nbsp;<\/p>\n<div id=\"simple-translate\" class=\"simple-translate-system-theme\">\n<div>\n<div class=\"simple-translate-button isShow\" style=\"background-image: url('moz-extension:\/\/c8b09885-f9bd-42a1-abbc-e928212a14c5\/icons\/512.png'); height: 22px; width: 22px; top: 25px; left: -283px;\"><\/div>\n<div class=\"simple-translate-panel \" style=\"width: 300px; height: 200px; top: 0px; left: 0px; font-size: 13px;\">\n<div class=\"simple-translate-result-wrapper\" style=\"overflow: hidden;\">\n<div class=\"simple-translate-move\" draggable=\"true\"><\/div>\n<div class=\"simple-translate-result-contents\">\n<p class=\"simple-translate-candidate\" dir=\"auto\">\n<\/div>\n<\/div>\n<\/div>\n<\/div>\n<\/div>\n\n\t\t<\/div>\n\t<\/div>\n<\/div><\/div><\/div><\/div><\/div><\/div><\/div><\/div><\/div><\/div><div class=\"vc_row wpb_row vc_row-fluid\"><div class=\"wpb_column vc_column_container vc_col-sm-12\"><div class=\"vc_column-inner\"><div class=\"wpb_wrapper\"><div class=\"vc_tta-container\" data-vc-action=\"collapse\"><div class=\"vc_general vc_tta vc_tta-tabs vc_tta-color-grey vc_tta-style-classic vc_tta-shape-rounded vc_tta-spacing-1 vc_tta-tabs-position-top vc_tta-controls-align-left\"><div class=\"vc_tta-tabs-container\"><ul class=\"vc_tta-tabs-list\" role=\"tablist\"><li class=\"vc_tta-tab vc_active\" data-vc-tab role=\"presentation\"><a href=\"#1697192303290-62fa20b9-9c19\" data-vc-tabs data-vc-container=\".vc_tta\" role=\"tab\" aria-selected=\"false\" id=\"tab-1697192303290-62fa20b9-9c19\"><span class=\"vc_tta-title-text\">Vedlej\u0161\u00ed poplatky 2024<\/span><\/a><\/li><\/ul><\/div><div class=\"vc_tta-panels-container\"><div class=\"vc_tta-panels\"><div class=\"vc_tta-panel vc_active\" id=\"1697192303290-62fa20b9-9c19\" data-vc-content=\".vc_tta-panel-body\"><div class=\"vc_tta-panel-heading\"><h4 class=\"vc_tta-panel-title\"><a href=\"#1697192303290-62fa20b9-9c19\" data-vc-accordion data-vc-container=\".vc_tta-container\"><span class=\"vc_tta-title-text\">Vedlej\u0161\u00ed poplatky 2024<\/span><\/a><\/h4><\/div><div class=\"vc_tta-panel-body\">\n\t<div class=\"wpb_text_column wpb_content_element\" >\n\t\t<div class=\"wpb_wrapper\">\n\t\t\t<p>[table id=34 responsive=collapse \/]<\/p>\n\n\t\t<\/div>\n\t<\/div>\n<\/div><\/div><\/div><\/div><\/div><\/div><\/div><\/div><\/div><\/div><div class=\"vc_row wpb_row vc_row-fluid\"><div class=\"wpb_column vc_column_container vc_col-sm-12\"><div class=\"vc_column-inner\"><div class=\"wpb_wrapper\"><div class=\"vc_tta-container\" data-vc-action=\"collapse\"><div class=\"vc_general vc_tta vc_tta-tabs vc_tta-color-grey vc_tta-style-classic vc_tta-shape-rounded vc_tta-spacing-1 vc_tta-tabs-position-top vc_tta-controls-align-left\"><div class=\"vc_tta-tabs-container\"><ul class=\"vc_tta-tabs-list\" role=\"tablist\"><li class=\"vc_tta-tab vc_active\" data-vc-tab role=\"presentation\"><a href=\"#1697192408978-6dba180f-27f0\" data-vc-tabs data-vc-container=\".vc_tta\" role=\"tab\" aria-selected=\"false\" id=\"tab-1697192408978-6dba180f-27f0\"><span class=\"vc_tta-title-text\">Sn\u00eddan\u011b 2024<\/span><\/a><\/li><\/ul><\/div><div class=\"vc_tta-panels-container\"><div class=\"vc_tta-panels\"><div class=\"vc_tta-panel vc_active\" id=\"1697192408978-6dba180f-27f0\" data-vc-content=\".vc_tta-panel-body\"><div class=\"vc_tta-panel-heading\"><h4 class=\"vc_tta-panel-title\"><a href=\"#1697192408978-6dba180f-27f0\" data-vc-accordion data-vc-container=\".vc_tta-container\"><span class=\"vc_tta-title-text\">Sn\u00eddan\u011b 2024<\/span><\/a><\/h4><\/div><div class=\"vc_tta-panel-body\">\n\t<div class=\"wpb_text_column wpb_content_element\" >\n\t\t<div class=\"wpb_wrapper\">\n\t\t\t<p>Sn\u00eddan\u011b pouze v sez\u00f3n\u011b a v hlavn\u00ed sez\u00f3n\u011b<\/p>\n<p>[table id=33 responsive=collapse \/]<\/p>\n\n\t\t<\/div>\n\t<\/div>\n<\/div><\/div><\/div><\/div><\/div><\/div><\/div><\/div><\/div><\/div><div class=\"vc_row wpb_row vc_row-fluid\"><div class=\"wpb_column vc_column_container vc_col-sm-6\"><div class=\"vc_column-inner\"><div class=\"wpb_wrapper\">\n\t<div class=\"wpb_text_column wpb_content_element\" >\n\t\t<div class=\"wpb_wrapper\">\n\t\t\t<p><span style=\"color: #ff0000;\">Platebn\u00ed podm\u00ednky:<\/span><\/p>\n<p>20 % \u2013 p\u00f8i rezervaci<br \/>\n80 % \u2013 4 t\u00fddny p\u00f8ed p\u00f8\u00edjezdem<\/p>\n<p>Zru\u0161en\u00ed rezervace je spojeno s n\u00e1sleduj\u00edc\u00edmi poplatky:<br \/>\n\u2013 do 4 t\u00fddn\u00f9 p\u00f8ed p\u00f8\u00edjezdem 10%<br \/>\n\u2013 do jednoho t\u00fddne p\u00f8ed p\u00f8\u00edjezdem 60 %<br \/>\n\u2013 v pr\u00f9b\u00echu jednoho t\u00fddne p\u00f8ed p\u00f8\u00edjezdem 100%<\/p>\n<p>&nbsp;<\/p>\n<div id=\"simple-translate\" class=\"simple-translate-system-theme\">\n<div>\n<div class=\"simple-translate-button isShow\" style=\"background-image: url('moz-extension:\/\/c8b09885-f9bd-42a1-abbc-e928212a14c5\/icons\/512.png'); height: 22px; width: 22px; top: 60px; left: -37px;\"><\/div>\n<div class=\"simple-translate-panel \" style=\"width: 300px; height: 200px; top: 0px; left: 0px; font-size: 13px;\">\n<div class=\"simple-translate-result-wrapper\" style=\"overflow: hidden;\">\n<div class=\"simple-translate-move\" draggable=\"true\"><\/div>\n<div class=\"simple-translate-result-contents\">\n<p class=\"simple-translate-candidate\" dir=\"auto\">\n<\/div>\n<\/div>\n<\/div>\n<\/div>\n<\/div>\n\n\t\t<\/div>\n\t<\/div>\n<\/div><\/div><\/div><div class=\"wpb_column vc_column_container vc_col-sm-6\"><div class=\"vc_column-inner\"><div class=\"wpb_wrapper\">\n\t<div class=\"wpb_text_column wpb_content_element\" >\n\t\t<div class=\"wpb_wrapper\">\n\t\t\t<p><a href=\"https:\/\/radlerslust.de\/cz\/saisonzeiten-2019\/\">Rodeleni sez\u00f3ny<\/a><\/p>\n<p><a href=\"https:\/\/radlerslust.de\/cz\/poptavka-rezervace\/\">Zde n\u00e1m m\u00f9\u017eete odeslat Va\u0161i popt\u00e1vku.<\/a><\/p>\n\n\t\t<\/div>\n\t<\/div>\n<\/div><\/div><\/div><\/div><div class=\"vc_row wpb_row vc_row-fluid\"><div class=\"wpb_column vc_column_container vc_col-sm-12\"><div class=\"vc_column-inner\"><div class=\"wpb_wrapper\"><div class=\"vc_tta-container\" data-vc-action=\"collapse\"><div class=\"vc_general vc_tta vc_tta-tabs vc_tta-color-grey vc_tta-style-classic vc_tta-shape-rounded vc_tta-spacing-1 vc_tta-tabs-position-top vc_tta-controls-align-left\"><div class=\"vc_tta-tabs-container\"><ul class=\"vc_tta-tabs-list\" role=\"tablist\"><li class=\"vc_tta-tab vc_active\" data-vc-tab role=\"presentation\"><a href=\"#1697192303290-62fa20b9-9c19\" data-vc-tabs data-vc-container=\".vc_tta\" role=\"tab\" aria-selected=\"false\" id=\"tab-1697192303290-62fa20b9-9c19\"><span class=\"vc_tta-title-text\">Vedlej\u0161\u00ed poplatky 2024<\/span><\/a><\/li><\/ul><\/div><div class=\"vc_tta-panels-container\"><div class=\"vc_tta-panels\"><div class=\"vc_tta-panel vc_active\" id=\"1697192303290-62fa20b9-9c19\" data-vc-content=\".vc_tta-panel-body\"><div class=\"vc_tta-panel-heading\"><h4 class=\"vc_tta-panel-title\"><a href=\"#1697192303290-62fa20b9-9c19\" data-vc-accordion data-vc-container=\".vc_tta-container\"><span class=\"vc_tta-title-text\">Vedlej\u0161\u00ed poplatky 2024<\/span><\/a><\/h4><\/div><div class=\"vc_tta-panel-body\">\n\t<div class=\"wpb_text_column wpb_content_element\" >\n\t\t<div class=\"wpb_wrapper\">\n\t\t\t<p>[table id=34 responsive=collapse \/]<\/p>\n\n\t\t<\/div>\n\t<\/div>\n<\/div><\/div><\/div><\/div><\/div><\/div><\/div><\/div><\/div><\/div>\n<\/div>","protected":false},"excerpt":{"rendered":"Rekrea\u010dn\u00ed d\u016fm Nixe, Rekrea\u010dn\u00ed d\u016fm Neptun Na\u0161e nov\u00e9 rekrea\u010dn\u00ed domky, kter\u00e9 budeme na samostatn\u00e9m pozemku za\u010d\u00e1tkem roku 2016 z\u0159izovat, V\u00e1m budou od 01.07.2016 k dispozici. Na vy\u017e\u00e1d\u00e1n\u00ed m\u016f\u017eete vyu\u017e\u00edt sn\u00edda\u0148ov\u00e9 nab\u00eddky v sousedn\u00edm rekrea\u010dn\u00edm objektu. Na\u0161e rekrea\u010dn\u00ed domky jsou \u00fatuln\u011b a komfortn\u011b vybaveny: zdrav\u00e1 a plnohodnotn\u00e1 sn\u00eddan\u00ec a ob\u00ecdov\u00e9 bal\u00ed\u00e8ky na z\u00e1klad\u00ec popt\u00e1vky p\u00f8enocov\u00e1n\u00ed pro...","protected":false},"author":1,"featured_media":0,"parent":0,"menu_order":0,"comment_status":"closed","ping_status":"closed","template":"","meta":{"footnotes":""},"class_list":["post-181","page","type-page","status-publish","hentry"],"_links":{"self":[{"href":"https:\/\/radlerslust.de\/cz\/wp-json\/wp\/v2\/pages\/181","targetHints":{"allow":["GET"]}}],"collection":[{"href":"https:\/\/radlerslust.de\/cz\/wp-json\/wp\/v2\/pages"}],"about":[{"href":"https:\/\/radlerslust.de\/cz\/wp-json\/wp\/v2\/types\/page"}],"author":[{"embeddable":true,"href":"https:\/\/radlerslust.de\/cz\/wp-json\/wp\/v2\/users\/1"}],"replies":[{"embeddable":true,"href":"https:\/\/radlerslust.de\/cz\/wp-json\/wp\/v2\/comments?post=181"}],"version-history":[{"count":10,"href":"https:\/\/radlerslust.de\/cz\/wp-json\/wp\/v2\/pages\/181\/revisions"}],"predecessor-version":[{"id":936,"href":"https:\/\/radlerslust.de\/cz\/wp-json\/wp\/v2\/pages\/181\/revisions\/936"}],"wp:attachment":[{"href":"https:\/\/radlerslust.de\/cz\/wp-json\/wp\/v2\/media?parent=181"}],"curies":[{"name":"wp","href":"https:\/\/api.w.org\/{rel}","templated":true}]}}